{"id":11791,"date":"2020-08-18T21:20:10","date_gmt":"2020-08-18T19:20:10","guid":{"rendered":"http:\/\/expressionumea.se.loopiadns.com\/?page_id=11791"},"modified":"2022-02-04T15:26:08","modified_gmt":"2022-02-04T14:26:08","slug":"cookies-cakes","status":"publish","type":"page","link":"https:\/\/expressionumea.se\/en\/cookies-kakor\/","title":{"rendered":"Cookies (Kakor)"},"content":{"rendered":"<p>eXpression uses cookies for statistical evaluation, marketing and optimization. Cookies are files that are stored on your computer's hard drive to facilitate navigation on the website. By using cookies, you can avoid entering the same data every time you visit our site. Cookies help us to tailor the site to your needs, such as your preferred language or what is of interest to you.<\/p>\n\n\n\n<p>The website uses permanent and session cookies. Permanent cookies are deleted after a certain time when you return to the site. Session cookies are deleted when you close your browser. Cookies are not used to damage or destroy your computer.<\/p>\n\n\n\n<p>Your browser may allow cookies to be present during your visits to the website. If you do not want to allow cookies, you can change this in your browser settings on your computer and delete cookies stored on your hard drive. Most browsers automatically accept cookies but also have the option to refuse cookies or to display a warning before they are saved. If you reject cookies, the website and some of its features may not work as intended. For more information, please refer to the information provided by the browser manufacturer. You can also find more information at&nbsp;<a href=\"http:\/\/www.minacookies.se\/\">www.minacookies.se<\/a><\/p>\n\n\n\n<p>On this website, personal information is collected and stored using technology from Google Analytics. The Analytics.js library automatically uses a cookie called _ga to log a unique client ID, which consists of a random combination of numbers. Once the client ID is generated, it is stored in the cookie and included in every request sent to Google Analytics. The ID number is used by Google Analytics to calculate user, visit and campaign data. The cookie is deleted from your hard drive after 2 years.<\/p>\n\n\n\n<figure class=\"wp-block-table is-style-regular\"><table><tbody><tr><td><strong>Name<\/strong><\/td><td><strong>Permanent<\/strong><\/td><td><strong>Used<\/strong><\/td><td><strong>Purpose<\/strong><\/td><\/tr><tr><td>_ga<\/td><td>Yes<\/td><td>2 years<\/td><td>To collect statistical data.<\/td><\/tr><\/tbody><\/table><\/figure>\n\n\n\n<p><\/p>","protected":false},"excerpt":{"rendered":"<p>eXpression&nbsp;anv\u00e4nder kakor (cookies) f\u00f6r statistisk utv\u00e4rdering, marknadsf\u00f6ring och f\u00f6r optimering.&nbsp;Kakor \u00e4r filer som sparas p\u00e5 din dators h\u00e5rddisk f\u00f6r att underl\u00e4tta navigation p\u00e5 webbplatsen. Genom att anv\u00e4nda kakor kan du slippa ange samma data varenda g\u00e5ng som du bes\u00f6ker v\u00e5r webbplats.&nbsp;Kakor hj\u00e4lper oss att anpassa webbplatsen efter dina behov, exempelvis vilket spr\u00e5k du f\u00f6redrar eller [&hellip;]<\/p>\n","protected":false},"author":1,"featured_media":11798,"parent":0,"menu_order":0,"comment_status":"closed","ping_status":"closed","template":"","meta":{"footnotes":""},"elementor-sidmallar":[636],"class_list":["post-11791","page","type-page","status-publish","has-post-thumbnail","hentry","search-category-sida","elementor-sidmallar-enskild-sida"],"yoast_head":"<!-- This site is optimized with the Yoast SEO plugin v27.2 - https:\/\/yoast.com\/product\/yoast-seo-wordpress\/ -->\n<title>Cookies (Kakor) - eXpression Ume\u00e5<\/title>\n<meta name=\"robots\" content=\"index, follow, max-snippet:-1, max-image-preview:large, max-video-preview:-1\" \/>\n<link rel=\"canonical\" href=\"https:\/\/expressionumea.se\/en\/cookies-cakes\/\" \/>\n<meta property=\"og:locale\" content=\"en_GB\" \/>\n<meta property=\"og:type\" content=\"article\" \/>\n<meta property=\"og:title\" content=\"Cookies (Kakor) - eXpression Ume\u00e5\" \/>\n<meta property=\"og:description\" content=\"eXpression&nbsp;anv\u00e4nder kakor (cookies) f\u00f6r statistisk utv\u00e4rdering, marknadsf\u00f6ring och f\u00f6r optimering.&nbsp;Kakor \u00e4r filer som sparas p\u00e5 din dators h\u00e5rddisk f\u00f6r att underl\u00e4tta navigation p\u00e5 webbplatsen. Genom att anv\u00e4nda kakor kan du slippa ange samma data varenda g\u00e5ng som du bes\u00f6ker v\u00e5r webbplats.&nbsp;Kakor hj\u00e4lper oss att anpassa webbplatsen efter dina behov, exempelvis vilket spr\u00e5k du f\u00f6redrar eller [&hellip;]\" \/>\n<meta property=\"og:url\" content=\"https:\/\/expressionumea.se\/en\/cookies-cakes\/\" \/>\n<meta property=\"og:site_name\" content=\"eXpression Ume\u00e5\" \/>\n<meta property=\"article:modified_time\" content=\"2022-02-04T14:26:08+00:00\" \/>\n<meta property=\"og:image\" content=\"https:\/\/expressionumea.se\/wp-content\/uploads\/2020\/08\/christina-branco-7P-wc2Z2Ujs-unsplash-scaled.jpg\" \/>\n\t<meta property=\"og:image:width\" content=\"2560\" \/>\n\t<meta property=\"og:image:height\" content=\"1707\" \/>\n\t<meta property=\"og:image:type\" content=\"image\/jpeg\" \/>\n<meta name=\"twitter:card\" content=\"summary_large_image\" \/>\n<meta name=\"twitter:label1\" content=\"Estimated reading time\" \/>\n\t<meta name=\"twitter:data1\" content=\"2 minutes\" \/>\n<script type=\"application\/ld+json\" class=\"yoast-schema-graph\">{\"@context\":\"https:\/\/schema.org\",\"@graph\":[{\"@type\":\"WebPage\",\"@id\":\"https:\/\/expressionumea.se\/cookies-kakor\/\",\"url\":\"https:\/\/expressionumea.se\/cookies-kakor\/\",\"name\":\"Cookies (Kakor) - eXpression Ume\u00e5\",\"isPartOf\":{\"@id\":\"https:\/\/expressionumea.se\/#website\"},\"primaryImageOfPage\":{\"@id\":\"https:\/\/expressionumea.se\/cookies-kakor\/#primaryimage\"},\"image\":{\"@id\":\"https:\/\/expressionumea.se\/cookies-kakor\/#primaryimage\"},\"thumbnailUrl\":\"https:\/\/expressionumea.se\/wp-content\/uploads\/2020\/08\/christina-branco-7P-wc2Z2Ujs-unsplash-scaled.jpg\",\"datePublished\":\"2020-08-18T19:20:10+00:00\",\"dateModified\":\"2022-02-04T14:26:08+00:00\",\"breadcrumb\":{\"@id\":\"https:\/\/expressionumea.se\/cookies-kakor\/#breadcrumb\"},\"inLanguage\":\"en-GB\",\"potentialAction\":[{\"@type\":\"ReadAction\",\"target\":[\"https:\/\/expressionumea.se\/cookies-kakor\/\"]}]},{\"@type\":\"ImageObject\",\"inLanguage\":\"en-GB\",\"@id\":\"https:\/\/expressionumea.se\/cookies-kakor\/#primaryimage\",\"url\":\"https:\/\/expressionumea.se\/wp-content\/uploads\/2020\/08\/christina-branco-7P-wc2Z2Ujs-unsplash-scaled.jpg\",\"contentUrl\":\"https:\/\/expressionumea.se\/wp-content\/uploads\/2020\/08\/christina-branco-7P-wc2Z2Ujs-unsplash-scaled.jpg\",\"width\":2560,\"height\":1707,\"caption\":\"Cookies\"},{\"@type\":\"BreadcrumbList\",\"@id\":\"https:\/\/expressionumea.se\/cookies-kakor\/#breadcrumb\",\"itemListElement\":[{\"@type\":\"ListItem\",\"position\":1,\"name\":\"Hem\",\"item\":\"https:\/\/expressionumea.se\/\"},{\"@type\":\"ListItem\",\"position\":2,\"name\":\"Cookies (Kakor)\"}]},{\"@type\":\"WebSite\",\"@id\":\"https:\/\/expressionumea.se\/#website\",\"url\":\"https:\/\/expressionumea.se\/\",\"name\":\"eXpression Ume\u00e5\",\"description\":\"Creative minds unite\",\"publisher\":{\"@id\":\"https:\/\/expressionumea.se\/#organization\"},\"potentialAction\":[{\"@type\":\"SearchAction\",\"target\":{\"@type\":\"EntryPoint\",\"urlTemplate\":\"https:\/\/expressionumea.se\/?s={search_term_string}\"},\"query-input\":{\"@type\":\"PropertyValueSpecification\",\"valueRequired\":true,\"valueName\":\"search_term_string\"}}],\"inLanguage\":\"en-GB\"},{\"@type\":\"Organization\",\"@id\":\"https:\/\/expressionumea.se\/#organization\",\"name\":\"eXpression Ume\u00e5\",\"url\":\"https:\/\/expressionumea.se\/\",\"logo\":{\"@type\":\"ImageObject\",\"inLanguage\":\"en-GB\",\"@id\":\"https:\/\/expressionumea.se\/#\/schema\/logo\/image\/\",\"url\":\"https:\/\/expressionumea.se\/wp-content\/uploads\/2020\/06\/expression-ume-logotyp.png\",\"contentUrl\":\"https:\/\/expressionumea.se\/wp-content\/uploads\/2020\/06\/expression-ume-logotyp.png\",\"width\":375,\"height\":98,\"caption\":\"eXpression Ume\u00e5\"},\"image\":{\"@id\":\"https:\/\/expressionumea.se\/#\/schema\/logo\/image\/\"}}]}<\/script>\n<!-- \/ Yoast SEO plugin. -->","yoast_head_json":{"title":"Cookies - eXpression Ume\u00e5","robots":{"index":"index","follow":"follow","max-snippet":"max-snippet:-1","max-image-preview":"max-image-preview:large","max-video-preview":"max-video-preview:-1"},"canonical":"https:\/\/expressionumea.se\/en\/cookies-cakes\/","og_locale":"en_GB","og_type":"article","og_title":"Cookies (Kakor) - eXpression Ume\u00e5","og_description":"eXpression&nbsp;anv\u00e4nder kakor (cookies) f\u00f6r statistisk utv\u00e4rdering, marknadsf\u00f6ring och f\u00f6r optimering.&nbsp;Kakor \u00e4r filer som sparas p\u00e5 din dators h\u00e5rddisk f\u00f6r att underl\u00e4tta navigation p\u00e5 webbplatsen. Genom att anv\u00e4nda kakor kan du slippa ange samma data varenda g\u00e5ng som du bes\u00f6ker v\u00e5r webbplats.&nbsp;Kakor hj\u00e4lper oss att anpassa webbplatsen efter dina behov, exempelvis vilket spr\u00e5k du f\u00f6redrar eller [&hellip;]","og_url":"https:\/\/expressionumea.se\/en\/cookies-cakes\/","og_site_name":"eXpression Ume\u00e5","article_modified_time":"2022-02-04T14:26:08+00:00","og_image":[{"width":2560,"height":1707,"url":"https:\/\/expressionumea.se\/wp-content\/uploads\/2020\/08\/christina-branco-7P-wc2Z2Ujs-unsplash-scaled.jpg","type":"image\/jpeg"}],"twitter_card":"summary_large_image","twitter_misc":{"Estimated reading time":"2 minutes"},"schema":{"@context":"https:\/\/schema.org","@graph":[{"@type":"WebPage","@id":"https:\/\/expressionumea.se\/cookies-kakor\/","url":"https:\/\/expressionumea.se\/cookies-kakor\/","name":"Cookies - eXpression Ume\u00e5","isPartOf":{"@id":"https:\/\/expressionumea.se\/#website"},"primaryImageOfPage":{"@id":"https:\/\/expressionumea.se\/cookies-kakor\/#primaryimage"},"image":{"@id":"https:\/\/expressionumea.se\/cookies-kakor\/#primaryimage"},"thumbnailUrl":"https:\/\/expressionumea.se\/wp-content\/uploads\/2020\/08\/christina-branco-7P-wc2Z2Ujs-unsplash-scaled.jpg","datePublished":"2020-08-18T19:20:10+00:00","dateModified":"2022-02-04T14:26:08+00:00","breadcrumb":{"@id":"https:\/\/expressionumea.se\/cookies-kakor\/#breadcrumb"},"inLanguage":"en-GB","potentialAction":[{"@type":"ReadAction","target":["https:\/\/expressionumea.se\/cookies-kakor\/"]}]},{"@type":"ImageObject","inLanguage":"en-GB","@id":"https:\/\/expressionumea.se\/cookies-kakor\/#primaryimage","url":"https:\/\/expressionumea.se\/wp-content\/uploads\/2020\/08\/christina-branco-7P-wc2Z2Ujs-unsplash-scaled.jpg","contentUrl":"https:\/\/expressionumea.se\/wp-content\/uploads\/2020\/08\/christina-branco-7P-wc2Z2Ujs-unsplash-scaled.jpg","width":2560,"height":1707,"caption":"Cookies"},{"@type":"BreadcrumbList","@id":"https:\/\/expressionumea.se\/cookies-kakor\/#breadcrumb","itemListElement":[{"@type":"ListItem","position":1,"name":"Hem","item":"https:\/\/expressionumea.se\/"},{"@type":"ListItem","position":2,"name":"Cookies (Kakor)"}]},{"@type":"WebSite","@id":"https:\/\/expressionumea.se\/#website","url":"https:\/\/expressionumea.se\/","name":"eXpression Ume\u00e5","description":"Creative minds unite","publisher":{"@id":"https:\/\/expressionumea.se\/#organization"},"potentialAction":[{"@type":"SearchAction","target":{"@type":"EntryPoint","urlTemplate":"https:\/\/expressionumea.se\/?s={search_term_string}"},"query-input":{"@type":"PropertyValueSpecification","valueRequired":true,"valueName":"search_term_string"}}],"inLanguage":"en-GB"},{"@type":"Organization","@id":"https:\/\/expressionumea.se\/#organization","name":"eXpression Ume\u00e5","url":"https:\/\/expressionumea.se\/","logo":{"@type":"ImageObject","inLanguage":"en-GB","@id":"https:\/\/expressionumea.se\/#\/schema\/logo\/image\/","url":"https:\/\/expressionumea.se\/wp-content\/uploads\/2020\/06\/expression-ume-logotyp.png","contentUrl":"https:\/\/expressionumea.se\/wp-content\/uploads\/2020\/06\/expression-ume-logotyp.png","width":375,"height":98,"caption":"eXpression Ume\u00e5"},"image":{"@id":"https:\/\/expressionumea.se\/#\/schema\/logo\/image\/"}}]}},"_links":{"self":[{"href":"https:\/\/expressionumea.se\/en\/wp-json\/wp\/v2\/pages\/11791","targetHints":{"allow":["GET"]}}],"collection":[{"href":"https:\/\/expressionumea.se\/en\/wp-json\/wp\/v2\/pages"}],"about":[{"href":"https:\/\/expressionumea.se\/en\/wp-json\/wp\/v2\/types\/page"}],"author":[{"embeddable":true,"href":"https:\/\/expressionumea.se\/en\/wp-json\/wp\/v2\/users\/1"}],"replies":[{"embeddable":true,"href":"https:\/\/expressionumea.se\/en\/wp-json\/wp\/v2\/comments?post=11791"}],"version-history":[{"count":2,"href":"https:\/\/expressionumea.se\/en\/wp-json\/wp\/v2\/pages\/11791\/revisions"}],"predecessor-version":[{"id":11898,"href":"https:\/\/expressionumea.se\/en\/wp-json\/wp\/v2\/pages\/11791\/revisions\/11898"}],"wp:featuredmedia":[{"embeddable":true,"href":"https:\/\/expressionumea.se\/en\/wp-json\/wp\/v2\/media\/11798"}],"wp:attachment":[{"href":"https:\/\/expressionumea.se\/en\/wp-json\/wp\/v2\/media?parent=11791"}],"wp:term":[{"taxonomy":"elementor-sidmallar","embeddable":true,"href":"https:\/\/expressionumea.se\/en\/wp-json\/wp\/v2\/elementor-sidmallar?post=11791"}],"curies":[{"name":"wp","href":"https:\/\/api.w.org\/{rel}","templated":true}]}}