{"id":12409,"date":"2020-08-25T22:22:17","date_gmt":"2020-08-25T20:22:17","guid":{"rendered":"http:\/\/expressionumea.se.loopiadns.com\/?page_id=12409"},"modified":"2022-02-04T15:28:42","modified_gmt":"2022-02-04T14:28:42","slug":"partnerships-and-projects","status":"publish","type":"page","link":"https:\/\/expressionumea.se\/en\/samarbeten-och-projekt\/","title":{"rendered":"Collaborations and projects"},"content":{"rendered":"\n<p>eXpression Ume\u00e5 ing\u00e5r i flertalet samarbeten samt driver och ing\u00e5r i flertalet projekt.  <\/p>\n\n\n\n<h2 class=\"wp-block-heading\">Carpe Digem<\/h2>\n\n\n\n<p>Carpe digem \u00e4r ett EU-projekt inom Interreg Europe.<br>Projektet utvecklar den regionala f\u00f6rm\u00e5gan att involvera medborgarna i digital transformation genom utveckling av smarta tj\u00e4nster och produkter som skapar jobb och tillv\u00e4xt, attraherar investeringar i forskning och utveckling och som generar balans mellan stad och land. Projektet tar fram en handlingsplan f\u00f6r hur delaktighet och f\u00f6rankring kan st\u00e4rkas i framtagande, inf\u00f6rande, genomf\u00f6rande och uppf\u00f6ljning av kommande regionala strategier genom att utveckla anv\u00e4ndandet av \u00f6ppen och social innovation. I m\u00e5lgruppen ing\u00e5r \u2013 f\u00f6rutom de akt\u00f6rer som traditionellt medverkar i framtagandet av regionala och lokala strategier \u2013 ocks\u00e5 civilsamh\u00e4lle och samh\u00e4llsmedborgare, dvs. den omfattar hela pentahelixperspektivet.<\/p>\n\n\n\n<p><strong>I projektet deltar:<\/strong><\/p>\n\n\n\n<p>Digital Nievre Joint Authority (FR)<br>Mallorca Chamber of Commerce (ES)<br>Business Development Institute of the Autonomous Region of Madeira (PT)<br>University of Ljubljana (SL)<br>Republic of Slovenia \u2013 Ministry of Public Administration (SL)<br>European Regions Network for Application of Communications Technology (IE)<br>Business Agency Association (BG)<br>Republic of Bulgaria Ministry of Economy (BG)<br>Region of Vasterbotten (SE)<br>Uminova Expression (SE)<\/p>\n\n\n\n<p><strong>L\u00e4nk till projektets hemsida<\/strong>:&nbsp;<a href=\"http:\/\/www.interregeurope.eu\/carpedigem\" target=\"_blank\" rel=\"noreferrer noopener\">www.interregeurope.eu\/carpedigem<\/a><\/p>\n\n\n\n<p><strong>Carpe digem I Sociala medier:<\/strong><br>Facebook:&nbsp;<a href=\"https:\/\/www.facebook.com\/InterregCARPEDIGEM\/\" target=\"_blank\" rel=\"noreferrer noopener\">https:\/\/www.facebook.com\/InterregCARPEDIGEM\/<\/a><br>Instagram: carpedigeminterreg<br>Twitter: @CARPE_DIGEM<\/p>\n\n\n\n<p><strong>Startdatum<\/strong><br>2019-08-01<br><strong>Slutdatum<\/strong><br>2023-01-31<br><strong>P\u00e5g\u00e5ende\/Avslutat<\/strong><br>P\u00c5G\u00c5ENDE<br><strong>St\u00f6dmottagare<\/strong><br>Region V\u00e4sterbotten<br><strong>St\u00f6dmottagare l\u00e4n<\/strong><br>V\u00e4sterbotten<br><strong>St\u00f6dmottagare kommun<\/strong><br>Ume\u00e5<br><strong>Nettobeviljat belopp<\/strong><br>77 940 \u20ac<\/p>\n\n\n\n<h2 class=\"wp-block-heading\">Design by Ume\u00e5<\/h2>\n\n\n\n<p>Ume\u00e5 har ett effektivt och inkluderande st\u00f6dsystem f\u00f6r innovation med akademiska och f\u00f6retagsinkubatorer i v\u00e4rldsklass [med stort fokus p\u00e5 allt fr\u00e5n fr\u00e5n biomedicin till kreativa och kulturella sektorer]. Milj\u00f6n dessa akt\u00f6rer verkar inom \u00e4r otroligt viktigt och lyckligtvis ligger det i Ume\u00e5s DNA att arbeta inkluderande och att utmana normer, skapa en reflexiv och stimulerande milj\u00f6 att arbeta i. <\/p>\n\n\n\n<p>Design by Ume\u00e5 samlar innovationsakt\u00f6rer som vill arbeta inkluderande och utmana normer. Ut\u00f6ver eXpression Ume\u00e5 ing\u00e5r f\u00f6ljande akt\u00f6rer i n\u00e4tverket: Ume\u00e5 Institute of Design (UID), RISE, Research Institutes of Sweden AB, Ume\u00e5 Institute of Architecture, Ume\u00e5 School of Art, Bildmuseet, Curiosum och Region V\u00e4sterbotten.<br><a href=\"https:\/\/www.designbyumea.com\" target=\"_blank\" rel=\"noreferrer noopener\">https:\/\/www.designbyumea.com<\/a><\/p>\n\n\n\n<h2 class=\"wp-block-heading\">F\/Act Movement<\/h2>\n\n\n\n<p>F\/ACT Movement \u00e4r ett projekt fr\u00e5n&nbsp;<strong><a href=\"https:\/\/goteborgsregionen.se\/\" target=\"_blank\" rel=\"noreferrer noopener\">G\u00f6teborgsregionen (GR)<\/a>&nbsp;<\/strong>och&nbsp;<strong><a href=\"https:\/\/scienceparkboras.se\/\" target=\"_blank\" rel=\"noreferrer noopener\">Science Park Bor\u00e5s<\/a><\/strong>&nbsp;som som handlar om att fr\u00e4mja en mer&nbsp;h\u00e5llbar produktion och konsumtion av mode och textil.&nbsp;<\/p>\n\n\n\n<p>F\/ACT Movement inspirerar konsumenter till att g\u00f6ra mer h\u00e5llbara modeval och att anv\u00e4nda det som redan finns i garderoben. Detta g\u00f6rs genom lokala aktiviteter som arrangeras i samarbete med kommuner, samt genom sociala medier d\u00e4r lokala ambassad\u00f6rer (s\u00e5 kallade f\/activister) sprider inspiration om hur de sj\u00e4lva skapar en h\u00e5llbar garderob.&nbsp;<\/p>\n\n\n\n<p>Dessutom st\u00f6ttar&nbsp;projektet&nbsp;f\u00f6retag&nbsp;och entrepren\u00f6rer som vill&nbsp;utveckla h\u00e5llbara och cirkul\u00e4ra produkter och tj\u00e4nster,&nbsp;utifr\u00e5n de behov som den nya, medvetna konsumenten har och med milj\u00f6nytta i fokus.<\/p>\n\n\n\n<p>eXpression Ume\u00e5 driver projektet i V\u00e4sterbotten. <br><a href=\"https:\/\/www.factmovement.se\" target=\"_blank\" rel=\"noreferrer noopener\">https:\/\/www.factmovement.se<\/a><\/p>\n\n\n\n<h2 class=\"wp-block-heading\">Young Startup Day<\/h2>\n\n\n\n<p>Young Startup Day \u00e4r ett event som arrangeras varje \u00e5r i syfte att inspirera till f\u00f6retagande. N\u00e4sta generation av entrepren\u00f6rer \u00e4r en nyckelgrupp f\u00f6r att Ume\u00e5 och V\u00e4sterbotten ska kunna forts\u00e4tta att v\u00e4xa. F\u00f6r att f\u00f6rst\u00e4rka denna utveckling beh\u00f6ver vi \u00e4nnu fler som startar och driver f\u00f6retag.<\/p>\n\n\n\n<p>Young Startup Day arrangeras av eXpression Ume\u00e5, Aptum, BIC Factory, L\u00e4nsstyrelsen V\u00e4sterbotten, Ume\u00e5 kommun, Uminova Innovation och Ung F\u00f6retagsamhet V\u00e4sterbotten.&nbsp;<\/p>\n\n\n\n<p>Mer info om eventet finns p\u00e5&nbsp;<a href=\"http:\/\/youngstartup.se\/\" target=\"_blank\" rel=\"noreferrer noopener\">http:\/\/youngstartup.se<\/a><\/p>\n\n\n\n<h2 class=\"wp-block-heading\">SISP<\/h2>\n\n\n\n<p>eXpression Ume\u00e5 \u00e4r stolt medlem i SISP \u2013 Swedish Incubators &amp; Science Parks. SISP \u00e4r den medlemsbaserade branschf\u00f6reningen f\u00f6r Sveriges inkubatorer och science parks med 65 medlemmar som driver n\u00e4rmare 80 innovationsmilj\u00f6er \u00f6ver hela Sverige, och&nbsp;som tillsammans har \u00f6ver 5000 f\u00f6retag med cirka 72 000 sysselsatta.<br><a href=\"https:\/\/www.sisp.se\/\" target=\"_blank\" rel=\"noreferrer noopener\">https:\/\/www.sisp.se<\/a>&nbsp;<\/p>\n\n\n\n<h2 class=\"wp-block-heading\">CreARTive Sweden<\/h2>\n\n\n\n<p>En branschorganisation f\u00f6r f\u00f6retagsfr\u00e4mjande verksamheter inom de konstn\u00e4rliga, kulturella och kreativa n\u00e4ringarna.<br><a href=\"https:\/\/www.creartivesweden.se\/\" target=\"_blank\" rel=\"noreferrer noopener\">https:\/\/www.creartivesweden.se&nbsp;<\/a><\/p>\n\n\n\n<h2 class=\"wp-block-heading\">High Coast Creative<\/h2>\n\n\n\n<p>\u00c4 ren branschorganisation f\u00f6r den kreativa n\u00e4ringen i H\u00f6ga Kusten.&nbsp;<br><a rel=\"noreferrer noopener\" href=\"https:\/\/www.highcoastcreative.se\/\" target=\"_blank\">https:\/\/www.highcoastcreative.se<\/a><\/p>\n\n\n\n<h2 class=\"wp-block-heading\">Framtidens h\u00e5llbara bes\u00f6ksn\u00e4ring<\/h2>\n\n\n\n<p>Projektet&nbsp;<strong>Framtidens h\u00e5llbara bes\u00f6ksn\u00e4ring<\/strong>&nbsp;syftar till att \u00f6ka kunskaper f\u00f6r f\u00f6retag&nbsp;inom&nbsp;turism,&nbsp;bes\u00f6ks\u2013 och&nbsp;upplevelsen\u00e4ringar&nbsp;med inslag av handel. Genom spridning av erfarenheter och kunskaper skall projektet hj\u00e4lpa f\u00f6retag och andra intressenter att st\u00e5 b\u00e4ttre rustade i den utmanande branschomvandling som p\u00e5g\u00e5r och som just nu accelereras givet den p\u00e5g\u00e5ende coronapandemin. Projektet \u00e4r en del av Tillv\u00e4xtverkets satsning&nbsp;<em>Kunskapsutveckling i coronapandemin&nbsp;<\/em>och genomf\u00f6rs under perioden 1 februari 2021 \u2013 31 december 2022.&nbsp;<\/p>\n\n\n\n<p><a href=\"https:\/\/expressionumea.se\/om-expression\/samarbeten-och-projekt\/framtidens-hallbara-besoksnaring-handel\/\">Ta del av nyheter om projektet, f\u00f6rdjupningsmaterial med reflektionsfr\u00e5gor och \u00f6vningar f\u00f6r dig som \u00e4r f\u00f6retagare eller arbetar i en f\u00f6retagsfr\u00e4mjande organisation h\u00e4r. <\/a><\/p>\n","protected":false},"excerpt":{"rendered":"<p>eXpression Ume\u00e5 ing\u00e5r i flertalet samarbeten samt driver och ing\u00e5r i flertalet projekt. Carpe Digem Carpe digem \u00e4r ett EU-projekt inom Interreg Europe.Projektet utvecklar den regionala f\u00f6rm\u00e5gan att involvera medborgarna i digital transformation genom utveckling av smarta tj\u00e4nster och produkter som skapar jobb och tillv\u00e4xt, attraherar investeringar i forskning och utveckling och som generar balans [&hellip;]<\/p>\n","protected":false},"author":8,"featured_media":12820,"parent":0,"menu_order":0,"comment_status":"closed","ping_status":"closed","template":"","meta":{"footnotes":""},"elementor-sidmallar":[636],"class_list":["post-12409","page","type-page","status-publish","has-post-thumbnail","hentry","search-category-sida","elementor-sidmallar-enskild-sida"],"yoast_head":"<!-- This site is optimized with the Yoast SEO plugin v27.2 - https:\/\/yoast.com\/product\/yoast-seo-wordpress\/ -->\n<title>Samarbeten och projekt - eXpression Ume\u00e5<\/title>\n<meta name=\"robots\" content=\"index, follow, max-snippet:-1, max-image-preview:large, max-video-preview:-1\" \/>\n<link rel=\"canonical\" href=\"https:\/\/expressionumea.se\/en\/partnerships-and-projects\/\" \/>\n<meta property=\"og:locale\" content=\"en_GB\" \/>\n<meta property=\"og:type\" content=\"article\" \/>\n<meta property=\"og:title\" content=\"Samarbeten och projekt - eXpression Ume\u00e5\" \/>\n<meta property=\"og:description\" content=\"eXpression Ume\u00e5 ing\u00e5r i flertalet samarbeten samt driver och ing\u00e5r i flertalet projekt. Carpe Digem Carpe digem \u00e4r ett EU-projekt inom Interreg Europe.Projektet utvecklar den regionala f\u00f6rm\u00e5gan att involvera medborgarna i digital transformation genom utveckling av smarta tj\u00e4nster och produkter som skapar jobb och tillv\u00e4xt, attraherar investeringar i forskning och utveckling och som generar balans [&hellip;]\" \/>\n<meta property=\"og:url\" content=\"https:\/\/expressionumea.se\/en\/partnerships-and-projects\/\" \/>\n<meta property=\"og:site_name\" content=\"eXpression Ume\u00e5\" \/>\n<meta property=\"article:modified_time\" content=\"2022-02-04T14:28:42+00:00\" \/>\n<meta property=\"og:image\" content=\"https:\/\/expressionumea.se\/wp-content\/uploads\/2020\/08\/samasrbeten-1024x576.jpeg\" \/>\n\t<meta property=\"og:image:width\" content=\"1024\" \/>\n\t<meta property=\"og:image:height\" content=\"576\" \/>\n\t<meta property=\"og:image:type\" content=\"image\/jpeg\" \/>\n<meta name=\"twitter:card\" content=\"summary_large_image\" \/>\n<meta name=\"twitter:label1\" content=\"Estimated reading time\" \/>\n\t<meta name=\"twitter:data1\" content=\"3 minutes\" \/>\n<script type=\"application\/ld+json\" class=\"yoast-schema-graph\">{\"@context\":\"https:\/\/schema.org\",\"@graph\":[{\"@type\":\"WebPage\",\"@id\":\"https:\/\/expressionumea.se\/samarbeten-och-projekt\/\",\"url\":\"https:\/\/expressionumea.se\/samarbeten-och-projekt\/\",\"name\":\"Samarbeten och projekt - eXpression Ume\u00e5\",\"isPartOf\":{\"@id\":\"https:\/\/expressionumea.se\/#website\"},\"primaryImageOfPage\":{\"@id\":\"https:\/\/expressionumea.se\/samarbeten-och-projekt\/#primaryimage\"},\"image\":{\"@id\":\"https:\/\/expressionumea.se\/samarbeten-och-projekt\/#primaryimage\"},\"thumbnailUrl\":\"https:\/\/expressionumea.se\/wp-content\/uploads\/2020\/08\/samasrbeten.jpeg\",\"datePublished\":\"2020-08-25T20:22:17+00:00\",\"dateModified\":\"2022-02-04T14:28:42+00:00\",\"breadcrumb\":{\"@id\":\"https:\/\/expressionumea.se\/samarbeten-och-projekt\/#breadcrumb\"},\"inLanguage\":\"en-GB\",\"potentialAction\":[{\"@type\":\"ReadAction\",\"target\":[\"https:\/\/expressionumea.se\/samarbeten-och-projekt\/\"]}]},{\"@type\":\"ImageObject\",\"inLanguage\":\"en-GB\",\"@id\":\"https:\/\/expressionumea.se\/samarbeten-och-projekt\/#primaryimage\",\"url\":\"https:\/\/expressionumea.se\/wp-content\/uploads\/2020\/08\/samasrbeten.jpeg\",\"contentUrl\":\"https:\/\/expressionumea.se\/wp-content\/uploads\/2020\/08\/samasrbeten.jpeg\",\"width\":1920,\"height\":1080},{\"@type\":\"BreadcrumbList\",\"@id\":\"https:\/\/expressionumea.se\/samarbeten-och-projekt\/#breadcrumb\",\"itemListElement\":[{\"@type\":\"ListItem\",\"position\":1,\"name\":\"Hem\",\"item\":\"https:\/\/expressionumea.se\/\"},{\"@type\":\"ListItem\",\"position\":2,\"name\":\"Samarbeten och projekt\"}]},{\"@type\":\"WebSite\",\"@id\":\"https:\/\/expressionumea.se\/#website\",\"url\":\"https:\/\/expressionumea.se\/\",\"name\":\"eXpression Ume\u00e5\",\"description\":\"Creative minds unite\",\"publisher\":{\"@id\":\"https:\/\/expressionumea.se\/#organization\"},\"potentialAction\":[{\"@type\":\"SearchAction\",\"target\":{\"@type\":\"EntryPoint\",\"urlTemplate\":\"https:\/\/expressionumea.se\/?s={search_term_string}\"},\"query-input\":{\"@type\":\"PropertyValueSpecification\",\"valueRequired\":true,\"valueName\":\"search_term_string\"}}],\"inLanguage\":\"en-GB\"},{\"@type\":\"Organization\",\"@id\":\"https:\/\/expressionumea.se\/#organization\",\"name\":\"eXpression Ume\u00e5\",\"url\":\"https:\/\/expressionumea.se\/\",\"logo\":{\"@type\":\"ImageObject\",\"inLanguage\":\"en-GB\",\"@id\":\"https:\/\/expressionumea.se\/#\/schema\/logo\/image\/\",\"url\":\"https:\/\/expressionumea.se\/wp-content\/uploads\/2020\/06\/expression-ume-logotyp.png\",\"contentUrl\":\"https:\/\/expressionumea.se\/wp-content\/uploads\/2020\/06\/expression-ume-logotyp.png\",\"width\":375,\"height\":98,\"caption\":\"eXpression Ume\u00e5\"},\"image\":{\"@id\":\"https:\/\/expressionumea.se\/#\/schema\/logo\/image\/\"}}]}<\/script>\n<!-- \/ Yoast SEO plugin. -->","yoast_head_json":{"title":"Collaborations and projects - eXpression Ume\u00e5","robots":{"index":"index","follow":"follow","max-snippet":"max-snippet:-1","max-image-preview":"max-image-preview:large","max-video-preview":"max-video-preview:-1"},"canonical":"https:\/\/expressionumea.se\/en\/partnerships-and-projects\/","og_locale":"en_GB","og_type":"article","og_title":"Samarbeten och projekt - eXpression Ume\u00e5","og_description":"eXpression Ume\u00e5 ing\u00e5r i flertalet samarbeten samt driver och ing\u00e5r i flertalet projekt. Carpe Digem Carpe digem \u00e4r ett EU-projekt inom Interreg Europe.Projektet utvecklar den regionala f\u00f6rm\u00e5gan att involvera medborgarna i digital transformation genom utveckling av smarta tj\u00e4nster och produkter som skapar jobb och tillv\u00e4xt, attraherar investeringar i forskning och utveckling och som generar balans [&hellip;]","og_url":"https:\/\/expressionumea.se\/en\/partnerships-and-projects\/","og_site_name":"eXpression Ume\u00e5","article_modified_time":"2022-02-04T14:28:42+00:00","og_image":[{"width":1024,"height":576,"url":"https:\/\/expressionumea.se\/wp-content\/uploads\/2020\/08\/samasrbeten-1024x576.jpeg","type":"image\/jpeg"}],"twitter_card":"summary_large_image","twitter_misc":{"Estimated reading time":"3 minutes"},"schema":{"@context":"https:\/\/schema.org","@graph":[{"@type":"WebPage","@id":"https:\/\/expressionumea.se\/samarbeten-och-projekt\/","url":"https:\/\/expressionumea.se\/samarbeten-och-projekt\/","name":"Collaborations and projects - eXpression Ume\u00e5","isPartOf":{"@id":"https:\/\/expressionumea.se\/#website"},"primaryImageOfPage":{"@id":"https:\/\/expressionumea.se\/samarbeten-och-projekt\/#primaryimage"},"image":{"@id":"https:\/\/expressionumea.se\/samarbeten-och-projekt\/#primaryimage"},"thumbnailUrl":"https:\/\/expressionumea.se\/wp-content\/uploads\/2020\/08\/samasrbeten.jpeg","datePublished":"2020-08-25T20:22:17+00:00","dateModified":"2022-02-04T14:28:42+00:00","breadcrumb":{"@id":"https:\/\/expressionumea.se\/samarbeten-och-projekt\/#breadcrumb"},"inLanguage":"en-GB","potentialAction":[{"@type":"ReadAction","target":["https:\/\/expressionumea.se\/samarbeten-och-projekt\/"]}]},{"@type":"ImageObject","inLanguage":"en-GB","@id":"https:\/\/expressionumea.se\/samarbeten-och-projekt\/#primaryimage","url":"https:\/\/expressionumea.se\/wp-content\/uploads\/2020\/08\/samasrbeten.jpeg","contentUrl":"https:\/\/expressionumea.se\/wp-content\/uploads\/2020\/08\/samasrbeten.jpeg","width":1920,"height":1080},{"@type":"BreadcrumbList","@id":"https:\/\/expressionumea.se\/samarbeten-och-projekt\/#breadcrumb","itemListElement":[{"@type":"ListItem","position":1,"name":"Hem","item":"https:\/\/expressionumea.se\/"},{"@type":"ListItem","position":2,"name":"Samarbeten och projekt"}]},{"@type":"WebSite","@id":"https:\/\/expressionumea.se\/#website","url":"https:\/\/expressionumea.se\/","name":"eXpression Ume\u00e5","description":"Creative minds unite","publisher":{"@id":"https:\/\/expressionumea.se\/#organization"},"potentialAction":[{"@type":"SearchAction","target":{"@type":"EntryPoint","urlTemplate":"https:\/\/expressionumea.se\/?s={search_term_string}"},"query-input":{"@type":"PropertyValueSpecification","valueRequired":true,"valueName":"search_term_string"}}],"inLanguage":"en-GB"},{"@type":"Organization","@id":"https:\/\/expressionumea.se\/#organization","name":"eXpression Ume\u00e5","url":"https:\/\/expressionumea.se\/","logo":{"@type":"ImageObject","inLanguage":"en-GB","@id":"https:\/\/expressionumea.se\/#\/schema\/logo\/image\/","url":"https:\/\/expressionumea.se\/wp-content\/uploads\/2020\/06\/expression-ume-logotyp.png","contentUrl":"https:\/\/expressionumea.se\/wp-content\/uploads\/2020\/06\/expression-ume-logotyp.png","width":375,"height":98,"caption":"eXpression Ume\u00e5"},"image":{"@id":"https:\/\/expressionumea.se\/#\/schema\/logo\/image\/"}}]}},"_links":{"self":[{"href":"https:\/\/expressionumea.se\/en\/wp-json\/wp\/v2\/pages\/12409","targetHints":{"allow":["GET"]}}],"collection":[{"href":"https:\/\/expressionumea.se\/en\/wp-json\/wp\/v2\/pages"}],"about":[{"href":"https:\/\/expressionumea.se\/en\/wp-json\/wp\/v2\/types\/page"}],"author":[{"embeddable":true,"href":"https:\/\/expressionumea.se\/en\/wp-json\/wp\/v2\/users\/8"}],"replies":[{"embeddable":true,"href":"https:\/\/expressionumea.se\/en\/wp-json\/wp\/v2\/comments?post=12409"}],"version-history":[{"count":5,"href":"https:\/\/expressionumea.se\/en\/wp-json\/wp\/v2\/pages\/12409\/revisions"}],"predecessor-version":[{"id":18889,"href":"https:\/\/expressionumea.se\/en\/wp-json\/wp\/v2\/pages\/12409\/revisions\/18889"}],"wp:featuredmedia":[{"embeddable":true,"href":"https:\/\/expressionumea.se\/en\/wp-json\/wp\/v2\/media\/12820"}],"wp:attachment":[{"href":"https:\/\/expressionumea.se\/en\/wp-json\/wp\/v2\/media?parent=12409"}],"wp:term":[{"taxonomy":"elementor-sidmallar","embeddable":true,"href":"https:\/\/expressionumea.se\/en\/wp-json\/wp\/v2\/elementor-sidmallar?post=12409"}],"curies":[{"name":"wp","href":"https:\/\/api.w.org\/{rel}","templated":true}]}}