{"id":20095,"date":"2022-04-14T11:15:30","date_gmt":"2022-04-14T09:15:30","guid":{"rendered":"https:\/\/expressionumea.se\/?page_id=20095"},"modified":"2024-06-18T15:45:55","modified_gmt":"2024-06-18T13:45:55","slug":"information-for-entrepreneurs","status":"publish","type":"page","link":"https:\/\/expressionumea.se\/en\/information-till-entreprenorer\/","title":{"rendered":"Information for contractors"},"content":{"rendered":"<div data-elementor-type=\"wp-page\" data-elementor-id=\"20095\" class=\"elementor elementor-20095\" data-elementor-post-type=\"page\">\n\t\t\t\t\t\t<section class=\"elementor-section elementor-top-section elementor-element elementor-element-01384bf elementor-section-boxed elementor-section-height-default elementor-section-height-default\" data-id=\"01384bf\" data-element_type=\"section\" data-e-type=\"section\">\n\t\t\t\t\t\t<div class=\"elementor-container elementor-column-gap-default\">\n\t\t\t\t\t<div class=\"elementor-column elementor-col-100 elementor-top-column elementor-element elementor-element-db30bc0\" data-id=\"db30bc0\" data-element_type=\"column\" data-e-type=\"column\">\n\t\t\t<div class=\"elementor-widget-wrap elementor-element-populated\">\n\t\t\t\t\t\t<div class=\"elementor-element elementor-element-e0895f5 elementor-widget elementor-widget-heading\" data-id=\"e0895f5\" data-element_type=\"widget\" data-e-type=\"widget\" data-widget_type=\"heading.default\">\n\t\t\t\t<div class=\"elementor-widget-container\">\n\t\t\t\t\t<h1 class=\"elementor-heading-title elementor-size-default\">Welcome to eXpression<\/h1>\t\t\t\t<\/div>\n\t\t\t\t<\/div>\n\t\t\t\t\t<\/div>\n\t\t<\/div>\n\t\t\t\t\t<\/div>\n\t\t<\/section>\n\t\t\t\t<section class=\"elementor-section elementor-top-section elementor-element elementor-element-d71dc63 elementor-section-boxed elementor-section-height-default elementor-section-height-default\" data-id=\"d71dc63\" data-element_type=\"section\" data-e-type=\"section\">\n\t\t\t\t\t\t<div class=\"elementor-container elementor-column-gap-default\">\n\t\t\t\t\t<div class=\"elementor-column elementor-col-100 elementor-top-column elementor-element elementor-element-9d0526e\" data-id=\"9d0526e\" data-element_type=\"column\" data-e-type=\"column\">\n\t\t\t<div class=\"elementor-widget-wrap elementor-element-populated\">\n\t\t\t\t\t\t<div class=\"elementor-element elementor-element-98ae4ea elementor-widget elementor-widget-text-editor\" data-id=\"98ae4ea\" data-element_type=\"widget\" data-e-type=\"widget\" data-widget_type=\"text-editor.default\">\n\t\t\t\t<div class=\"elementor-widget-container\">\n\t\t\t\t\t\t\t\t\t<p>On this page you will find valuable information during your time as an entrepreneur in one of eXpression Ume\u00e5's business development programs.\u00a0<\/p>\t\t\t\t\t\t\t\t<\/div>\n\t\t\t\t<\/div>\n\t\t\t\t<div class=\"elementor-element elementor-element-8dcd8de elementor-widget elementor-widget-text-editor\" data-id=\"8dcd8de\" data-element_type=\"widget\" data-e-type=\"widget\" data-widget_type=\"text-editor.default\">\n\t\t\t\t<div class=\"elementor-widget-container\">\n\t\t\t\t\t\t\t\t\t<h2>About eXpression<\/h2>\n<p>eXpression Ume\u00e5 is a business incubator that enables the development of driven entrepreneurs and creators with ideas, innovations or businesses in the artistic, cultural and creative industries. We offer effective and innovative methods, a creative coworking environment and a prototype lab.&nbsp;<\/p>\n<p>eXpression Ume\u00e5 is 75% owned by Ume\u00e5 University Holding AB and 25% by Ume\u00e5 Municipality.&nbsp;<\/p>\t\t\t\t\t\t\t\t<\/div>\n\t\t\t\t<\/div>\n\t\t\t\t<div class=\"elementor-element elementor-element-10fdc82 elementor-widget elementor-widget-text-editor\" data-id=\"10fdc82\" data-element_type=\"widget\" data-e-type=\"widget\" data-widget_type=\"text-editor.default\">\n\t\t\t\t<div class=\"elementor-widget-container\">\n\t\t\t\t\t\t\t\t\t<h2>Staff<\/h2><p>eXpressions staff are creators, thinkers, explorers and creators. We approach the job with great curiosity, generosity and respect. Based on our experience, we help creators, just like you, to develop your idea, innovation into sustainable businesses.\u00a0<\/p><p>Usually we are available at the office, email and phone during office hours 08-17. Unless otherwise stated, you can expect feedback within 24h. \u00a0<\/p><p>Contact details and a brief description of the eXpression staff can be found here.<\/p>\t\t\t\t\t\t\t\t<\/div>\n\t\t\t\t<\/div>\n\t\t\t\t<div class=\"elementor-element elementor-element-546523e elementor-widget elementor-widget-button\" data-id=\"546523e\" data-element_type=\"widget\" data-e-type=\"widget\" data-widget_type=\"button.default\">\n\t\t\t\t<div class=\"elementor-widget-container\">\n\t\t\t\t\t\t\t\t\t<div class=\"elementor-button-wrapper\">\n\t\t\t\t\t<a class=\"elementor-button elementor-button-link elementor-size-sm\" href=\"https:\/\/expressionumea.se\/en\/contact\/\">\n\t\t\t\t\t\t<span class=\"elementor-button-content-wrapper\">\n\t\t\t\t\t\t\t\t\t<span class=\"elementor-button-text\">Meet the staff<\/span>\n\t\t\t\t\t<\/span>\n\t\t\t\t\t<\/a>\n\t\t\t\t<\/div>\n\t\t\t\t\t\t\t\t<\/div>\n\t\t\t\t<\/div>\n\t\t\t\t<div class=\"elementor-element elementor-element-4f78e80 elementor-widget elementor-widget-text-editor\" data-id=\"4f78e80\" data-element_type=\"widget\" data-e-type=\"widget\" data-widget_type=\"text-editor.default\">\n\t\t\t\t<div class=\"elementor-widget-container\">\n\t\t\t\t\t\t\t\t\t<h2>Wifi<\/h2><p>Wifi: NorrNod<br \/>Password: Sliperiet23<\/p>\t\t\t\t\t\t\t\t<\/div>\n\t\t\t\t<\/div>\n\t\t\t\t<div class=\"elementor-element elementor-element-ccd8275 elementor-widget__width-initial elementor-widget elementor-widget-text-editor\" data-id=\"ccd8275\" data-element_type=\"widget\" data-e-type=\"widget\" data-widget_type=\"text-editor.default\">\n\t\t\t\t<div class=\"elementor-widget-container\">\n\t\t\t\t\t\t\t\t\t<h2>Premises<\/h2><p>eXpression Ume\u00e5's premises are in Sliperiet on the Arts Campus. The building also houses Ume\u00e5 University's activities <a href=\"https:\/\/curiosum.umu.se\" target=\"_blank\" rel=\"noopener\">Curiosum<\/a> and the School of Architecture.\u00a0<\/p><h3>Passport<\/h3><p>The shell of the building and the door to eXpression Ume\u00e5's premises on the third floor are usually locked and you need an access card to get in. As a participant in one of eXpression Ume\u00e5's programmes, you have the opportunity to get one. Talk to your responsible business coach or programme manager for the programme you are participating in and we will help you.<\/p><h3>Office space<\/h3><p>Entrepreneurs participating in one of eXpression Ume\u00e5's business development programmes have the opportunity to rent an office space. Below are the different options offered and the cost of these (prices are quoted excluding VAT).\u00a0<\/p><ul><li>Cleandesk 1400 SEK\/month<\/li><li>Own desk 1800 SEK\/month<\/li><li>Studio 3800 SEK\/month<\/li><\/ul><p>If you need to move to a larger or smaller space during the business development programme, just contact your responsible business coach or programme officer.\u00a0<\/p><h3>Meeting room<\/h3><p>On floor 3 of eXpression Ume\u00e5's premises there are four meeting rooms. These are available to all contractors and staff. They are open and do not need to be booked.<\/p><p>If you need to reserve a room for a meeting, you can leave a post-it on the door with information about who booked the room, what time and day.\u00a0<\/p><p>There are also larger meeting rooms and facilities in the building that can be booked. Please contact your responsible business coach if you wish to do so.\u00a0<\/p><h3>The kitchen<\/h3><p>A staff kitchen is available on level 3. The kitchen has a coffee machine, access to kitchen equipment for heating and, to some extent, cooking. In the kitchen, each person is responsible for keeping the kitchen clean and tidy at all times.<\/p><p>Cleaning week - Every two weeks, eXpression is responsible for the kitchen. This means we make sure the dishwasher is loaded, run and emptied every day, we wipe down tables and sinks and microwave ovens.\u00a0<\/p><h3>Breakfast<\/h3><p>Every Wednesday at 08.15, eXpression offers breakfast for all participants in the business development programmes. It is a great opportunity to meet and socialise with other entrepreneurs, initiate collaborations and get to know people from other programmes.\u00a0<\/p><h3>After Work<\/h3><p>On the last Friday of each month, eXpression invites all participants in the business development programmes to an after-work event. Usually from 16.00 in the kitchen on the third floor. Bring your own applies!<\/p><h3>Friday round<\/h3><p>Every Friday at 14.00 we meet in the kitchen, drink coffee and talk about what's happening right now in each company, we bounce ideas and raise any challenges.\u00a0<\/p><h3>Makerspaces<\/h3><p>The premises have two makerspaces run by Curiosum. On the ground floor there is a makerspace focusing on hard materials and on the second floor there is a makerspace focusing on soft materials. If necessary, you as an entrepreneur in one of eXpression Ume\u00e5's business development programmes can use these.\u00a0<\/p>\t\t\t\t\t\t\t\t<\/div>\n\t\t\t\t<\/div>\n\t\t\t\t<div class=\"elementor-element elementor-element-61b03c8 elementor-hidden-desktop elementor-hidden-tablet elementor-hidden-mobile elementor-widget elementor-widget-button\" data-id=\"61b03c8\" data-element_type=\"widget\" data-e-type=\"widget\" data-widget_type=\"button.default\">\n\t\t\t\t<div class=\"elementor-widget-container\">\n\t\t\t\t\t\t\t\t\t<div class=\"elementor-button-wrapper\">\n\t\t\t\t\t<a class=\"elementor-button elementor-button-link elementor-size-sm\" href=\"https:\/\/outlook.office365.com\/owa\/calendar\/CuriosummakerspaceUmUanknutna@o365.umu.se\/bookings\/\" target=\"_blank\">\n\t\t\t\t\t\t<span class=\"elementor-button-content-wrapper\">\n\t\t\t\t\t\t\t\t\t<span class=\"elementor-button-text\">Book a driving licence and time in the makerspace<\/span>\n\t\t\t\t\t<\/span>\n\t\t\t\t\t<\/a>\n\t\t\t\t<\/div>\n\t\t\t\t\t\t\t\t<\/div>\n\t\t\t\t<\/div>\n\t\t\t\t<div class=\"elementor-element elementor-element-d02a85f elementor-widget elementor-widget-text-editor\" data-id=\"d02a85f\" data-element_type=\"widget\" data-e-type=\"widget\" data-widget_type=\"text-editor.default\">\n\t\t\t\t<div class=\"elementor-widget-container\">\n\t\t\t\t\t\t\t\t\t<p><em>Makerspaces is also open to the public. Read more about this and book an appointment <a href=\"https:\/\/outlook.office365.com\/book\/CuriosummakerspaceUmUanknutna@o365.umu.se\/\" target=\"_blank\" rel=\"noopener\">here<\/a>.\u00a0<\/em><\/p><h3>Mail<\/h3><p>A marked mailbox is included for you with office space at eXpression Ume\u00e5 during the lease period. Contact the responsible business coach to get access to a mailbox. Outgoing mail is left in a marked box on the shelf opposite the mailboxes.<\/p><p>The address is:<\/p><p>c\/o eXpression Ume\u00e5<br \/>\u00d6stra Strandgatan 32<br \/>903 33 UME\u00c5<\/p><h3>Storage<\/h3><p>Outside the kitchen there are several storage cupboards with locking facilities. Please use these if you don't want to leave materials or equipment at your place.\u00a0<\/p><h3>Cleaning<\/h3><p>Cleaning is done by Ume\u00e5 University. They empty waste bins and mop the floors.<\/p><p>Each person is responsible for maintaining good order at his\/her workplace and for emptying the wastepaper basket himself\/herself when necessary. There is a shared responsibility for the common areas of the premises. Please be aware that contractors use the premises for client meetings and that we are happy to receive guests in these therefore we want it to be as representative as possible.<\/p><h3>Animals<\/h3><div class=\"page\" title=\"Page 6\"><div class=\"layoutArea\"><div class=\"column\"><p>Pets may not be brought to or kept on University premises. Guide dogs for the visually impaired are not considered pets and may be brought and kept on University premises.<\/p><h3>Parking<\/h3><p>There are not many parking spaces around Sliperiet, but a few are available. Here are a few:<\/p><ul><li>Street parking along Pilgatan.\u00a0<\/li><li>Parking spaces along \u00d6stra Strandgatan (between the School of Design and IKSU Plus).<\/li><li>Next to Sliperiet on \u00d6stra Strandgatan.\u00a0<\/li><\/ul><h3>Brand<\/h3><p>In the event of a fire alarm, everyone leaves the building immediately. Gather at the \"count-in\" assembly point. The location of the assembly point will be communicated when the access card is issued. Map of evacuation routes is available on each floor and at the entrance door to level 3. <br \/>A fire drill is held once a year.<\/p><\/div><\/div><\/div>\t\t\t\t\t\t\t\t<\/div>\n\t\t\t\t<\/div>\n\t\t\t\t<div class=\"elementor-element elementor-element-eb0d181 elementor-widget elementor-widget-text-editor\" data-id=\"eb0d181\" data-element_type=\"widget\" data-e-type=\"widget\" data-widget_type=\"text-editor.default\">\n\t\t\t\t<div class=\"elementor-widget-container\">\n\t\t\t\t\t\t\t\t\t<h2>Printers<\/h2>\n<p>On level 3 there is a wireless colour printer\/copier\/scanner that you as a contractor have access to. The printer prints in A4\/A3 format. The printer can handle paper thicknesses up to 280g. Thicker paper is provided by you.&nbsp;<\/p>\n<p>Use PIN code 9876.<\/p>\n<p>Download instructions and drivers on how to install the printer below. Ask us if anything is unclear!<\/p>\n<p><a href=\"https:\/\/expressionumea.se\/wp-content\/uploads\/2024\/01\/Skrivarinstallningar_Toshiba.pdf\">Installing the printer<\/a><\/p>\t\t\t\t\t\t\t\t<\/div>\n\t\t\t\t<\/div>\n\t\t\t\t<div class=\"elementor-element elementor-element-cb94237 elementor-widget elementor-widget-text-editor\" data-id=\"cb94237\" data-element_type=\"widget\" data-e-type=\"widget\" data-widget_type=\"text-editor.default\">\n\t\t\t\t<div class=\"elementor-widget-container\">\n\t\t\t\t\t\t\t\t\t<h2>Insurance<\/h2><p>eXpression Ume\u00e5's insurance covers fixed and movable property belonging to eXpression. Movable property belonging to tenants, such as computers, cameras, telephones, etc. are not covered by eXpression's insurance but must be insured by the tenant himself.<\/p><h2>Have your say on eXpression<\/h2><p>We are always striving to develop. Do you have feedback, requests for equipment purchases, expert help or a subscription to a trade magazine that would benefit more people?\u00a0<br \/>Do not hesitate to pass on the tips to us.\u00a0<\/p>\t\t\t\t\t\t\t\t<\/div>\n\t\t\t\t<\/div>\n\t\t\t\t\t<\/div>\n\t\t<\/div>\n\t\t\t\t\t<\/div>\n\t\t<\/section>\n\t\t\t\t<\/div>","protected":false},"excerpt":{"rendered":"<p>V\u00e4lkommen till eXpression P\u00e5 den h\u00e4r sidan hittar du v\u00e4rdefull information under din tid som entrepren\u00f6r i n\u00e5got av eXpression Ume\u00e5s aff\u00e4rsutvecklingsprogram.\u00a0 Om eXpression eXpression Ume\u00e5 \u00e4r en f\u00f6retagsinkubator som m\u00f6jligg\u00f6r utveckling av drivna entrepren\u00f6rer och kreat\u00f6rer med id\u00e9er, innovationer eller f\u00f6retag inom de konstn\u00e4rliga, kulturella och kreativa branscherna. Vi erbjuder effektiva och nyt\u00e4nkande metoder, [&hellip;]<\/p>\n","protected":false},"author":8,"featured_media":0,"parent":0,"menu_order":0,"comment_status":"closed","ping_status":"closed","template":"","meta":{"footnotes":""},"elementor-sidmallar":[],"class_list":["post-20095","page","type-page","status-publish","hentry","search-category-sida"],"yoast_head":"<!-- This site is optimized with the Yoast SEO plugin v27.2 - https:\/\/yoast.com\/product\/yoast-seo-wordpress\/ -->\n<title>Information till entrepren\u00f6rer - eXpression Ume\u00e5<\/title>\n<meta name=\"robots\" content=\"index, follow, max-snippet:-1, max-image-preview:large, max-video-preview:-1\" \/>\n<link rel=\"canonical\" href=\"https:\/\/expressionumea.se\/en\/information-for-entrepreneurs\/\" \/>\n<meta property=\"og:locale\" content=\"en_GB\" \/>\n<meta property=\"og:type\" content=\"article\" \/>\n<meta property=\"og:title\" content=\"Information till entrepren\u00f6rer - eXpression Ume\u00e5\" \/>\n<meta property=\"og:description\" content=\"V\u00e4lkommen till eXpression P\u00e5 den h\u00e4r sidan hittar du v\u00e4rdefull information under din tid som entrepren\u00f6r i n\u00e5got av eXpression Ume\u00e5s aff\u00e4rsutvecklingsprogram.\u00a0 Om eXpression eXpression Ume\u00e5 \u00e4r en f\u00f6retagsinkubator som m\u00f6jligg\u00f6r utveckling av drivna entrepren\u00f6rer och kreat\u00f6rer med id\u00e9er, innovationer eller f\u00f6retag inom de konstn\u00e4rliga, kulturella och kreativa branscherna. Vi erbjuder effektiva och nyt\u00e4nkande metoder, [&hellip;]\" \/>\n<meta property=\"og:url\" content=\"https:\/\/expressionumea.se\/en\/information-for-entrepreneurs\/\" \/>\n<meta property=\"og:site_name\" content=\"eXpression Ume\u00e5\" \/>\n<meta property=\"article:modified_time\" content=\"2024-06-18T13:45:55+00:00\" \/>\n<meta name=\"twitter:card\" content=\"summary_large_image\" \/>\n<meta name=\"twitter:label1\" content=\"Estimated reading time\" \/>\n\t<meta name=\"twitter:data1\" content=\"5 minutes\" \/>\n<script type=\"application\/ld+json\" class=\"yoast-schema-graph\">{\"@context\":\"https:\/\/schema.org\",\"@graph\":[{\"@type\":\"WebPage\",\"@id\":\"https:\/\/expressionumea.se\/information-till-entreprenorer\/\",\"url\":\"https:\/\/expressionumea.se\/information-till-entreprenorer\/\",\"name\":\"Information till entrepren\u00f6rer - eXpression Ume\u00e5\",\"isPartOf\":{\"@id\":\"https:\/\/expressionumea.se\/#website\"},\"datePublished\":\"2022-04-14T09:15:30+00:00\",\"dateModified\":\"2024-06-18T13:45:55+00:00\",\"breadcrumb\":{\"@id\":\"https:\/\/expressionumea.se\/information-till-entreprenorer\/#breadcrumb\"},\"inLanguage\":\"en-GB\",\"potentialAction\":[{\"@type\":\"ReadAction\",\"target\":[\"https:\/\/expressionumea.se\/information-till-entreprenorer\/\"]}]},{\"@type\":\"BreadcrumbList\",\"@id\":\"https:\/\/expressionumea.se\/information-till-entreprenorer\/#breadcrumb\",\"itemListElement\":[{\"@type\":\"ListItem\",\"position\":1,\"name\":\"Hem\",\"item\":\"https:\/\/expressionumea.se\/\"},{\"@type\":\"ListItem\",\"position\":2,\"name\":\"Information till entrepren\u00f6rer\"}]},{\"@type\":\"WebSite\",\"@id\":\"https:\/\/expressionumea.se\/#website\",\"url\":\"https:\/\/expressionumea.se\/\",\"name\":\"eXpression Ume\u00e5\",\"description\":\"Creative minds unite\",\"publisher\":{\"@id\":\"https:\/\/expressionumea.se\/#organization\"},\"potentialAction\":[{\"@type\":\"SearchAction\",\"target\":{\"@type\":\"EntryPoint\",\"urlTemplate\":\"https:\/\/expressionumea.se\/?s={search_term_string}\"},\"query-input\":{\"@type\":\"PropertyValueSpecification\",\"valueRequired\":true,\"valueName\":\"search_term_string\"}}],\"inLanguage\":\"en-GB\"},{\"@type\":\"Organization\",\"@id\":\"https:\/\/expressionumea.se\/#organization\",\"name\":\"eXpression Ume\u00e5\",\"url\":\"https:\/\/expressionumea.se\/\",\"logo\":{\"@type\":\"ImageObject\",\"inLanguage\":\"en-GB\",\"@id\":\"https:\/\/expressionumea.se\/#\/schema\/logo\/image\/\",\"url\":\"https:\/\/expressionumea.se\/wp-content\/uploads\/2020\/06\/expression-ume-logotyp.png\",\"contentUrl\":\"https:\/\/expressionumea.se\/wp-content\/uploads\/2020\/06\/expression-ume-logotyp.png\",\"width\":375,\"height\":98,\"caption\":\"eXpression Ume\u00e5\"},\"image\":{\"@id\":\"https:\/\/expressionumea.se\/#\/schema\/logo\/image\/\"}}]}<\/script>\n<!-- \/ Yoast SEO plugin. -->","yoast_head_json":{"title":"Information for entrepreneurs - eXpression Ume\u00e5","robots":{"index":"index","follow":"follow","max-snippet":"max-snippet:-1","max-image-preview":"max-image-preview:large","max-video-preview":"max-video-preview:-1"},"canonical":"https:\/\/expressionumea.se\/en\/information-for-entrepreneurs\/","og_locale":"en_GB","og_type":"article","og_title":"Information till entrepren\u00f6rer - eXpression Ume\u00e5","og_description":"V\u00e4lkommen till eXpression P\u00e5 den h\u00e4r sidan hittar du v\u00e4rdefull information under din tid som entrepren\u00f6r i n\u00e5got av eXpression Ume\u00e5s aff\u00e4rsutvecklingsprogram.\u00a0 Om eXpression eXpression Ume\u00e5 \u00e4r en f\u00f6retagsinkubator som m\u00f6jligg\u00f6r utveckling av drivna entrepren\u00f6rer och kreat\u00f6rer med id\u00e9er, innovationer eller f\u00f6retag inom de konstn\u00e4rliga, kulturella och kreativa branscherna. Vi erbjuder effektiva och nyt\u00e4nkande metoder, [&hellip;]","og_url":"https:\/\/expressionumea.se\/en\/information-for-entrepreneurs\/","og_site_name":"eXpression Ume\u00e5","article_modified_time":"2024-06-18T13:45:55+00:00","twitter_card":"summary_large_image","twitter_misc":{"Estimated reading time":"5 minutes"},"schema":{"@context":"https:\/\/schema.org","@graph":[{"@type":"WebPage","@id":"https:\/\/expressionumea.se\/information-till-entreprenorer\/","url":"https:\/\/expressionumea.se\/information-till-entreprenorer\/","name":"Information for entrepreneurs - eXpression Ume\u00e5","isPartOf":{"@id":"https:\/\/expressionumea.se\/#website"},"datePublished":"2022-04-14T09:15:30+00:00","dateModified":"2024-06-18T13:45:55+00:00","breadcrumb":{"@id":"https:\/\/expressionumea.se\/information-till-entreprenorer\/#breadcrumb"},"inLanguage":"en-GB","potentialAction":[{"@type":"ReadAction","target":["https:\/\/expressionumea.se\/information-till-entreprenorer\/"]}]},{"@type":"BreadcrumbList","@id":"https:\/\/expressionumea.se\/information-till-entreprenorer\/#breadcrumb","itemListElement":[{"@type":"ListItem","position":1,"name":"Hem","item":"https:\/\/expressionumea.se\/"},{"@type":"ListItem","position":2,"name":"Information till entrepren\u00f6rer"}]},{"@type":"WebSite","@id":"https:\/\/expressionumea.se\/#website","url":"https:\/\/expressionumea.se\/","name":"eXpression Ume\u00e5","description":"Creative minds unite","publisher":{"@id":"https:\/\/expressionumea.se\/#organization"},"potentialAction":[{"@type":"SearchAction","target":{"@type":"EntryPoint","urlTemplate":"https:\/\/expressionumea.se\/?s={search_term_string}"},"query-input":{"@type":"PropertyValueSpecification","valueRequired":true,"valueName":"search_term_string"}}],"inLanguage":"en-GB"},{"@type":"Organization","@id":"https:\/\/expressionumea.se\/#organization","name":"eXpression Ume\u00e5","url":"https:\/\/expressionumea.se\/","logo":{"@type":"ImageObject","inLanguage":"en-GB","@id":"https:\/\/expressionumea.se\/#\/schema\/logo\/image\/","url":"https:\/\/expressionumea.se\/wp-content\/uploads\/2020\/06\/expression-ume-logotyp.png","contentUrl":"https:\/\/expressionumea.se\/wp-content\/uploads\/2020\/06\/expression-ume-logotyp.png","width":375,"height":98,"caption":"eXpression Ume\u00e5"},"image":{"@id":"https:\/\/expressionumea.se\/#\/schema\/logo\/image\/"}}]}},"_links":{"self":[{"href":"https:\/\/expressionumea.se\/en\/wp-json\/wp\/v2\/pages\/20095","targetHints":{"allow":["GET"]}}],"collection":[{"href":"https:\/\/expressionumea.se\/en\/wp-json\/wp\/v2\/pages"}],"about":[{"href":"https:\/\/expressionumea.se\/en\/wp-json\/wp\/v2\/types\/page"}],"author":[{"embeddable":true,"href":"https:\/\/expressionumea.se\/en\/wp-json\/wp\/v2\/users\/8"}],"replies":[{"embeddable":true,"href":"https:\/\/expressionumea.se\/en\/wp-json\/wp\/v2\/comments?post=20095"}],"version-history":[{"count":80,"href":"https:\/\/expressionumea.se\/en\/wp-json\/wp\/v2\/pages\/20095\/revisions"}],"predecessor-version":[{"id":25375,"href":"https:\/\/expressionumea.se\/en\/wp-json\/wp\/v2\/pages\/20095\/revisions\/25375"}],"wp:attachment":[{"href":"https:\/\/expressionumea.se\/en\/wp-json\/wp\/v2\/media?parent=20095"}],"wp:term":[{"taxonomy":"elementor-sidmallar","embeddable":true,"href":"https:\/\/expressionumea.se\/en\/wp-json\/wp\/v2\/elementor-sidmallar?post=20095"}],"curies":[{"name":"wp","href":"https:\/\/api.w.org\/{rel}","templated":true}]}}