{"id":23953,"date":"2023-09-19T15:37:57","date_gmt":"2023-09-19T13:37:57","guid":{"rendered":"https:\/\/expressionumea.se\/?page_id=23953"},"modified":"2023-09-22T14:39:03","modified_gmt":"2023-09-22T12:39:03","slug":"about-expression","status":"publish","type":"page","link":"https:\/\/expressionumea.se\/en\/om-expression\/kreativ-kraft\/","title":{"rendered":"Creative force for green transition"},"content":{"rendered":"<div data-elementor-type=\"wp-page\" data-elementor-id=\"23953\" class=\"elementor elementor-23953\" data-elementor-post-type=\"page\">\n\t\t\t\t\t\t<section class=\"elementor-section elementor-top-section elementor-element elementor-element-5d17c05 elementor-section-boxed elementor-section-height-default elementor-section-height-default\" data-id=\"5d17c05\" data-element_type=\"section\" data-e-type=\"section\">\n\t\t\t\t\t\t<div class=\"elementor-container elementor-column-gap-default\">\n\t\t\t\t\t<div class=\"elementor-column elementor-col-100 elementor-top-column elementor-element elementor-element-b4b3cee\" data-id=\"b4b3cee\" data-element_type=\"column\" data-e-type=\"column\">\n\t\t\t<div class=\"elementor-widget-wrap elementor-element-populated\">\n\t\t\t\t\t\t<div class=\"elementor-element elementor-element-aa3e7cf elementor-widget elementor-widget-template\" data-id=\"aa3e7cf\" data-element_type=\"widget\" data-e-type=\"widget\" data-widget_type=\"template.default\">\n\t\t\t\t<div class=\"elementor-widget-container\">\n\t\t\t\t\t\t\t<div class=\"elementor-template\">\n\t\t\t\t\t<div data-elementor-type=\"section\" data-elementor-id=\"11296\" class=\"elementor elementor-11296\" data-elementor-post-type=\"elementor_library\">\n\t\t\t\t\t<section class=\"elementor-section elementor-top-section elementor-element elementor-element-7e1c5a0b elementor-section-boxed elementor-section-height-default elementor-section-height-default\" data-id=\"7e1c5a0b\" data-element_type=\"section\" data-e-type=\"section\">\n\t\t\t\t\t\t<div class=\"elementor-container elementor-column-gap-extended\">\n\t\t\t\t\t<div class=\"elementor-column elementor-col-100 elementor-top-column elementor-element elementor-element-18408d8a\" data-id=\"18408d8a\" data-element_type=\"column\" data-e-type=\"column\">\n\t\t\t<div class=\"elementor-widget-wrap elementor-element-populated\">\n\t\t\t\t\t\t<div class=\"elementor-element elementor-element-61386853 elementor-widget elementor-widget-heading\" data-id=\"61386853\" data-element_type=\"widget\" data-e-type=\"widget\" data-widget_type=\"heading.default\">\n\t\t\t\t<div class=\"elementor-widget-container\">\n\t\t\t\t\t<h1 class=\"elementor-heading-title elementor-size-default\"><span class=\"text-bg-black\">Creative force for green transition<\/span><\/h1>\t\t\t\t<\/div>\n\t\t\t\t<\/div>\n\t\t\t\t<div class=\"elementor-element elementor-element-cb52964 elementor-align-center jedv-enabled--yes elementor-widget elementor-widget-breadcrumbs\" data-id=\"cb52964\" data-element_type=\"widget\" data-e-type=\"widget\" data-widget_type=\"breadcrumbs.default\">\n\t\t\t\t<div class=\"elementor-widget-container\">\n\t\t\t\t\t<p id=\"breadcrumbs\"><span><span><a href=\"https:\/\/expressionumea.se\/en\/\">Home<\/a><\/span><\/span><\/p>\t\t\t\t<\/div>\n\t\t\t\t<\/div>\n\t\t\t\t\t<\/div>\n\t\t<\/div>\n\t\t\t\t\t<\/div>\n\t\t<\/section>\n\t\t\t\t<\/div>\n\t\t\t\t<\/div>\n\t\t\t\t\t\t<\/div>\n\t\t\t\t<\/div>\n\t\t\t\t\t<\/div>\n\t\t<\/div>\n\t\t\t\t\t<\/div>\n\t\t<\/section>\n\t\t\t\t<section class=\"elementor-section elementor-top-section elementor-element elementor-element-6874f29 elementor-section-boxed elementor-section-height-default elementor-section-height-default\" data-id=\"6874f29\" data-element_type=\"section\" data-e-type=\"section\">\n\t\t\t\t\t\t<div class=\"elementor-container elementor-column-gap-default\">\n\t\t\t\t\t<div class=\"elementor-column elementor-col-100 elementor-top-column elementor-element elementor-element-9e5e053\" data-id=\"9e5e053\" data-element_type=\"column\" data-e-type=\"column\">\n\t\t\t<div class=\"elementor-widget-wrap elementor-element-populated\">\n\t\t\t\t\t\t<div class=\"elementor-element elementor-element-d8eee32 elementor-widget elementor-widget-image\" data-id=\"d8eee32\" data-element_type=\"widget\" data-e-type=\"widget\" data-widget_type=\"image.default\">\n\t\t\t\t<div class=\"elementor-widget-container\">\n\t\t\t\t\t\t\t\t\t\t\t\t\t\t\t<img decoding=\"async\" width=\"300\" height=\"60\" src=\"https:\/\/expressionumea.se\/wp-content\/uploads\/2023\/09\/eu-logga_BlaGul_1000x200-300x60.png\" class=\"attachment-medium size-medium wp-image-23964\" alt=\"\" srcset=\"https:\/\/expressionumea.se\/wp-content\/uploads\/2023\/09\/eu-logga_BlaGul_1000x200-300x60.png 300w, https:\/\/expressionumea.se\/wp-content\/uploads\/2023\/09\/eu-logga_BlaGul_1000x200-768x154.png 768w, https:\/\/expressionumea.se\/wp-content\/uploads\/2023\/09\/eu-logga_BlaGul_1000x200-18x4.png 18w, https:\/\/expressionumea.se\/wp-content\/uploads\/2023\/09\/eu-logga_BlaGul_1000x200.png 1000w\" sizes=\"(max-width: 300px) 100vw, 300px\" loading=\"eager\" \/>\t\t\t\t\t\t\t\t\t\t\t\t\t\t\t<\/div>\n\t\t\t\t<\/div>\n\t\t\t\t\t<\/div>\n\t\t<\/div>\n\t\t\t\t\t<\/div>\n\t\t<\/section>\n\t\t\t\t<section class=\"elementor-section elementor-top-section elementor-element elementor-element-a576663 elementor-section-boxed elementor-section-height-default elementor-section-height-default\" data-id=\"a576663\" data-element_type=\"section\" data-e-type=\"section\">\n\t\t\t\t\t\t<div class=\"elementor-container elementor-column-gap-default\">\n\t\t\t\t\t<div class=\"elementor-column elementor-col-100 elementor-top-column elementor-element elementor-element-6cdd018\" data-id=\"6cdd018\" data-element_type=\"column\" data-e-type=\"column\">\n\t\t\t<div class=\"elementor-widget-wrap elementor-element-populated\">\n\t\t\t\t\t\t<div class=\"elementor-element elementor-element-c44468b elementor-widget elementor-widget-text-editor\" data-id=\"c44468b\" data-element_type=\"widget\" data-e-type=\"widget\" data-widget_type=\"text-editor.default\">\n\t\t\t\t<div class=\"elementor-widget-container\">\n\t\t\t\t\t\t\t\t\t<p><strong>Start date<\/strong>: 1 May 2023<br \/><strong>Closing date<\/strong>: 30 April 2026<br \/><strong>Budget<\/strong>: SEK 12.4 million<br \/><strong>Project Manager<\/strong>: Barbro Renkel<\/p>\n<p><em>The Creative Power for Green Transition project is a project funded by the European Regional Development Fund, Region V\u00e4sterbotten, Ume\u00e5 Municipality and Ume\u00e5 University Holding.<\/em><\/p>\n<p>The project will accelerate the green transition in Upper Norrland by stimulating entrepreneurship and new innovations in the cultural and creative industries (CCIs) and creating conditions for these companies' innovative power to enrich other sectors.<\/p>\n<p>The project will support business development, internationalisation and strengthened cross-sectoral collaboration - primarily between CCIs and industrial companies in the green transition. The aim is to increase the involvement of cultural and creative entrepreneurs in the ongoing societal transformation, strengthen the competitiveness of their businesses and provide support for internationalisation and exports.<\/p>\n<p>The project's activities will also contribute to increased gender equality and inclusion in business by promoting collaboration between male- and female-dominated industries and ensuring that more venture capital and investments end up in companies started by women.<\/p>\n<h3 class=\"wp-block-heading\">PROJECT OBJECTIVES<\/h3>\n<p>Accelerate green transition and development in the WN by stimulating entrepreneurship in cultural and creative industries (CCIs) to business development, internationalisation and strengthened cross-sectoral collaboration.<\/p>\n<ul>\n<li>1 new platform promoting creative and industrial symbiosis between KKB and industrial companies has been developed, with 50 companies collaborating and 10 new products and services emerging<\/li>\n<li>50 companies have been supported through a new KKB accelerator. Which promotes green transition by supporting companies with particular growth potential<\/li>\n<li>50 cultural and creative enterprises have been supported to explore new international markets and expand their international networks, addressing the need for improved conditions for SMEs to internationalise.<\/li>\n<\/ul>\n<p>The project contributes to cross-sectoral collaboration arenas with new working methods, changed attitudes and approaches within industries, green innovations and increased innovation power and better conditions for commercialising development ideas.<\/p>\t\t\t\t\t\t\t\t<\/div>\n\t\t\t\t<\/div>\n\t\t\t\t\t<\/div>\n\t\t<\/div>\n\t\t\t\t\t<\/div>\n\t\t<\/section>\n\t\t\t\t<\/div>","protected":false},"excerpt":{"rendered":"<p>Startdatum: 1 maj 2023Slutdatum: 30 april 2026Budget: 12,4 miljoner kronorProjektledare:\u00a0Barbro Renkel Projektet Kreativ kraft f\u00f6r gr\u00f6n omst\u00e4llning \u00e4r ett projekt finansierat av Europeiska regionala utvecklingsfonden, Region V\u00e4sterbotten, Ume\u00e5 kommun och Ume\u00e5 universitet holding. Projektet ska accelerera den gr\u00f6na omst\u00e4llning i \u00f6vre Norrland genom att stimulera entrepren\u00f6rskap och nya innovationer inom kulturella och kreativa branscher (KKB) [&hellip;]<\/p>\n","protected":false},"author":6,"featured_media":0,"parent":10543,"menu_order":0,"comment_status":"closed","ping_status":"closed","template":"","meta":{"footnotes":""},"elementor-sidmallar":[909],"class_list":["post-23953","page","type-page","status-publish","hentry","search-category-sida","elementor-sidmallar-projekt"],"yoast_head":"<!-- This site is optimized with the Yoast SEO plugin v27.2 - https:\/\/yoast.com\/product\/yoast-seo-wordpress\/ -->\n<title>Kreativ kraft f\u00f6r gr\u00f6n omst\u00e4llning - eXpression Ume\u00e5<\/title>\n<meta name=\"robots\" content=\"index, follow, max-snippet:-1, max-image-preview:large, max-video-preview:-1\" \/>\n<link rel=\"canonical\" href=\"https:\/\/expressionumea.se\/en\/on-expression\/about-expression\/\" \/>\n<meta property=\"og:locale\" content=\"en_GB\" \/>\n<meta property=\"og:type\" content=\"article\" \/>\n<meta property=\"og:title\" content=\"Kreativ kraft f\u00f6r gr\u00f6n omst\u00e4llning - eXpression Ume\u00e5\" \/>\n<meta property=\"og:description\" content=\"Startdatum: 1 maj 2023Slutdatum: 30 april 2026Budget: 12,4 miljoner kronorProjektledare:\u00a0Barbro Renkel Projektet Kreativ kraft f\u00f6r gr\u00f6n omst\u00e4llning \u00e4r ett projekt finansierat av Europeiska regionala utvecklingsfonden, Region V\u00e4sterbotten, Ume\u00e5 kommun och Ume\u00e5 universitet holding. Projektet ska accelerera den gr\u00f6na omst\u00e4llning i \u00f6vre Norrland genom att stimulera entrepren\u00f6rskap och nya innovationer inom kulturella och kreativa branscher (KKB) [&hellip;]\" \/>\n<meta property=\"og:url\" content=\"https:\/\/expressionumea.se\/en\/on-expression\/about-expression\/\" \/>\n<meta property=\"og:site_name\" content=\"eXpression Ume\u00e5\" \/>\n<meta property=\"article:modified_time\" content=\"2023-09-22T12:39:03+00:00\" \/>\n<meta property=\"og:image\" content=\"https:\/\/expressionumea.se\/wp-content\/uploads\/2023\/09\/eu-logga_BlaGul_1000x200-300x60.png\" \/>\n<meta name=\"twitter:card\" content=\"summary_large_image\" \/>\n<meta name=\"twitter:label1\" content=\"Estimated reading time\" \/>\n\t<meta name=\"twitter:data1\" content=\"2 minutes\" \/>\n<script type=\"application\/ld+json\" class=\"yoast-schema-graph\">{\"@context\":\"https:\/\/schema.org\",\"@graph\":[{\"@type\":\"WebPage\",\"@id\":\"https:\/\/expressionumea.se\/om-expression\/kreativ-kraft\/\",\"url\":\"https:\/\/expressionumea.se\/om-expression\/kreativ-kraft\/\",\"name\":\"Kreativ kraft f\u00f6r gr\u00f6n omst\u00e4llning - eXpression Ume\u00e5\",\"isPartOf\":{\"@id\":\"https:\/\/expressionumea.se\/#website\"},\"primaryImageOfPage\":{\"@id\":\"https:\/\/expressionumea.se\/om-expression\/kreativ-kraft\/#primaryimage\"},\"image\":{\"@id\":\"https:\/\/expressionumea.se\/om-expression\/kreativ-kraft\/#primaryimage\"},\"thumbnailUrl\":\"https:\/\/expressionumea.se\/wp-content\/uploads\/2023\/09\/eu-logga_BlaGul_1000x200-300x60.png\",\"datePublished\":\"2023-09-19T13:37:57+00:00\",\"dateModified\":\"2023-09-22T12:39:03+00:00\",\"breadcrumb\":{\"@id\":\"https:\/\/expressionumea.se\/om-expression\/kreativ-kraft\/#breadcrumb\"},\"inLanguage\":\"en-GB\",\"potentialAction\":[{\"@type\":\"ReadAction\",\"target\":[\"https:\/\/expressionumea.se\/om-expression\/kreativ-kraft\/\"]}]},{\"@type\":\"ImageObject\",\"inLanguage\":\"en-GB\",\"@id\":\"https:\/\/expressionumea.se\/om-expression\/kreativ-kraft\/#primaryimage\",\"url\":\"https:\/\/expressionumea.se\/wp-content\/uploads\/2023\/09\/eu-logga_BlaGul_1000x200-300x60.png\",\"contentUrl\":\"https:\/\/expressionumea.se\/wp-content\/uploads\/2023\/09\/eu-logga_BlaGul_1000x200-300x60.png\"},{\"@type\":\"BreadcrumbList\",\"@id\":\"https:\/\/expressionumea.se\/om-expression\/kreativ-kraft\/#breadcrumb\",\"itemListElement\":[{\"@type\":\"ListItem\",\"position\":1,\"name\":\"Hem\",\"item\":\"https:\/\/expressionumea.se\/\"},{\"@type\":\"ListItem\",\"position\":2,\"name\":\"Om expression\",\"item\":\"https:\/\/expressionumea.se\/om-expression\/\"},{\"@type\":\"ListItem\",\"position\":3,\"name\":\"Kreativ kraft f\u00f6r gr\u00f6n omst\u00e4llning\"}]},{\"@type\":\"WebSite\",\"@id\":\"https:\/\/expressionumea.se\/#website\",\"url\":\"https:\/\/expressionumea.se\/\",\"name\":\"eXpression Ume\u00e5\",\"description\":\"Creative minds unite\",\"publisher\":{\"@id\":\"https:\/\/expressionumea.se\/#organization\"},\"potentialAction\":[{\"@type\":\"SearchAction\",\"target\":{\"@type\":\"EntryPoint\",\"urlTemplate\":\"https:\/\/expressionumea.se\/?s={search_term_string}\"},\"query-input\":{\"@type\":\"PropertyValueSpecification\",\"valueRequired\":true,\"valueName\":\"search_term_string\"}}],\"inLanguage\":\"en-GB\"},{\"@type\":\"Organization\",\"@id\":\"https:\/\/expressionumea.se\/#organization\",\"name\":\"eXpression Ume\u00e5\",\"url\":\"https:\/\/expressionumea.se\/\",\"logo\":{\"@type\":\"ImageObject\",\"inLanguage\":\"en-GB\",\"@id\":\"https:\/\/expressionumea.se\/#\/schema\/logo\/image\/\",\"url\":\"https:\/\/expressionumea.se\/wp-content\/uploads\/2020\/06\/expression-ume-logotyp.png\",\"contentUrl\":\"https:\/\/expressionumea.se\/wp-content\/uploads\/2020\/06\/expression-ume-logotyp.png\",\"width\":375,\"height\":98,\"caption\":\"eXpression Ume\u00e5\"},\"image\":{\"@id\":\"https:\/\/expressionumea.se\/#\/schema\/logo\/image\/\"}}]}<\/script>\n<!-- \/ Yoast SEO plugin. -->","yoast_head_json":{"title":"Creative power for green transition - eXpression Ume\u00e5","robots":{"index":"index","follow":"follow","max-snippet":"max-snippet:-1","max-image-preview":"max-image-preview:large","max-video-preview":"max-video-preview:-1"},"canonical":"https:\/\/expressionumea.se\/en\/on-expression\/about-expression\/","og_locale":"en_GB","og_type":"article","og_title":"Kreativ kraft f\u00f6r gr\u00f6n omst\u00e4llning - eXpression Ume\u00e5","og_description":"Startdatum: 1 maj 2023Slutdatum: 30 april 2026Budget: 12,4 miljoner kronorProjektledare:\u00a0Barbro Renkel Projektet Kreativ kraft f\u00f6r gr\u00f6n omst\u00e4llning \u00e4r ett projekt finansierat av Europeiska regionala utvecklingsfonden, Region V\u00e4sterbotten, Ume\u00e5 kommun och Ume\u00e5 universitet holding. Projektet ska accelerera den gr\u00f6na omst\u00e4llning i \u00f6vre Norrland genom att stimulera entrepren\u00f6rskap och nya innovationer inom kulturella och kreativa branscher (KKB) [&hellip;]","og_url":"https:\/\/expressionumea.se\/en\/on-expression\/about-expression\/","og_site_name":"eXpression Ume\u00e5","article_modified_time":"2023-09-22T12:39:03+00:00","og_image":[{"url":"https:\/\/expressionumea.se\/wp-content\/uploads\/2023\/09\/eu-logga_BlaGul_1000x200-300x60.png","type":"","width":"","height":""}],"twitter_card":"summary_large_image","twitter_misc":{"Estimated reading time":"2 minutes"},"schema":{"@context":"https:\/\/schema.org","@graph":[{"@type":"WebPage","@id":"https:\/\/expressionumea.se\/om-expression\/kreativ-kraft\/","url":"https:\/\/expressionumea.se\/om-expression\/kreativ-kraft\/","name":"Creative power for green transition - eXpression Ume\u00e5","isPartOf":{"@id":"https:\/\/expressionumea.se\/#website"},"primaryImageOfPage":{"@id":"https:\/\/expressionumea.se\/om-expression\/kreativ-kraft\/#primaryimage"},"image":{"@id":"https:\/\/expressionumea.se\/om-expression\/kreativ-kraft\/#primaryimage"},"thumbnailUrl":"https:\/\/expressionumea.se\/wp-content\/uploads\/2023\/09\/eu-logga_BlaGul_1000x200-300x60.png","datePublished":"2023-09-19T13:37:57+00:00","dateModified":"2023-09-22T12:39:03+00:00","breadcrumb":{"@id":"https:\/\/expressionumea.se\/om-expression\/kreativ-kraft\/#breadcrumb"},"inLanguage":"en-GB","potentialAction":[{"@type":"ReadAction","target":["https:\/\/expressionumea.se\/om-expression\/kreativ-kraft\/"]}]},{"@type":"ImageObject","inLanguage":"en-GB","@id":"https:\/\/expressionumea.se\/om-expression\/kreativ-kraft\/#primaryimage","url":"https:\/\/expressionumea.se\/wp-content\/uploads\/2023\/09\/eu-logga_BlaGul_1000x200-300x60.png","contentUrl":"https:\/\/expressionumea.se\/wp-content\/uploads\/2023\/09\/eu-logga_BlaGul_1000x200-300x60.png"},{"@type":"BreadcrumbList","@id":"https:\/\/expressionumea.se\/om-expression\/kreativ-kraft\/#breadcrumb","itemListElement":[{"@type":"ListItem","position":1,"name":"Hem","item":"https:\/\/expressionumea.se\/"},{"@type":"ListItem","position":2,"name":"Om expression","item":"https:\/\/expressionumea.se\/om-expression\/"},{"@type":"ListItem","position":3,"name":"Kreativ kraft f\u00f6r gr\u00f6n omst\u00e4llning"}]},{"@type":"WebSite","@id":"https:\/\/expressionumea.se\/#website","url":"https:\/\/expressionumea.se\/","name":"eXpression Ume\u00e5","description":"Creative minds unite","publisher":{"@id":"https:\/\/expressionumea.se\/#organization"},"potentialAction":[{"@type":"SearchAction","target":{"@type":"EntryPoint","urlTemplate":"https:\/\/expressionumea.se\/?s={search_term_string}"},"query-input":{"@type":"PropertyValueSpecification","valueRequired":true,"valueName":"search_term_string"}}],"inLanguage":"en-GB"},{"@type":"Organization","@id":"https:\/\/expressionumea.se\/#organization","name":"eXpression Ume\u00e5","url":"https:\/\/expressionumea.se\/","logo":{"@type":"ImageObject","inLanguage":"en-GB","@id":"https:\/\/expressionumea.se\/#\/schema\/logo\/image\/","url":"https:\/\/expressionumea.se\/wp-content\/uploads\/2020\/06\/expression-ume-logotyp.png","contentUrl":"https:\/\/expressionumea.se\/wp-content\/uploads\/2020\/06\/expression-ume-logotyp.png","width":375,"height":98,"caption":"eXpression Ume\u00e5"},"image":{"@id":"https:\/\/expressionumea.se\/#\/schema\/logo\/image\/"}}]}},"_links":{"self":[{"href":"https:\/\/expressionumea.se\/en\/wp-json\/wp\/v2\/pages\/23953","targetHints":{"allow":["GET"]}}],"collection":[{"href":"https:\/\/expressionumea.se\/en\/wp-json\/wp\/v2\/pages"}],"about":[{"href":"https:\/\/expressionumea.se\/en\/wp-json\/wp\/v2\/types\/page"}],"author":[{"embeddable":true,"href":"https:\/\/expressionumea.se\/en\/wp-json\/wp\/v2\/users\/6"}],"replies":[{"embeddable":true,"href":"https:\/\/expressionumea.se\/en\/wp-json\/wp\/v2\/comments?post=23953"}],"version-history":[{"count":35,"href":"https:\/\/expressionumea.se\/en\/wp-json\/wp\/v2\/pages\/23953\/revisions"}],"predecessor-version":[{"id":24024,"href":"https:\/\/expressionumea.se\/en\/wp-json\/wp\/v2\/pages\/23953\/revisions\/24024"}],"up":[{"embeddable":true,"href":"https:\/\/expressionumea.se\/en\/wp-json\/wp\/v2\/pages\/10543"}],"wp:attachment":[{"href":"https:\/\/expressionumea.se\/en\/wp-json\/wp\/v2\/media?parent=23953"}],"wp:term":[{"taxonomy":"elementor-sidmallar","embeddable":true,"href":"https:\/\/expressionumea.se\/en\/wp-json\/wp\/v2\/elementor-sidmallar?post=23953"}],"curies":[{"name":"wp","href":"https:\/\/api.w.org\/{rel}","templated":true}]}}