{"id":24208,"date":"2023-10-24T15:12:13","date_gmt":"2023-10-24T13:12:13","guid":{"rendered":"https:\/\/expressionumea.se\/?page_id=24208"},"modified":"2023-10-24T16:05:31","modified_gmt":"2023-10-24T14:05:31","slug":"about-expression-2","status":"publish","type":"page","link":"https:\/\/expressionumea.se\/en\/om-expression\/design-for-longlivity\/","title":{"rendered":"Design for longevity"},"content":{"rendered":"<div data-elementor-type=\"wp-page\" data-elementor-id=\"24208\" class=\"elementor elementor-24208\" data-elementor-post-type=\"page\">\n\t\t\t\t\t\t<section class=\"elementor-section elementor-top-section elementor-element elementor-element-5d17c05 elementor-section-boxed elementor-section-height-default elementor-section-height-default\" data-id=\"5d17c05\" data-element_type=\"section\" data-e-type=\"section\">\n\t\t\t\t\t\t<div class=\"elementor-container elementor-column-gap-default\">\n\t\t\t\t\t<div class=\"elementor-column elementor-col-100 elementor-top-column elementor-element elementor-element-b4b3cee\" data-id=\"b4b3cee\" data-element_type=\"column\" data-e-type=\"column\">\n\t\t\t<div class=\"elementor-widget-wrap elementor-element-populated\">\n\t\t\t\t\t\t<div class=\"elementor-element elementor-element-aa3e7cf elementor-widget elementor-widget-template\" data-id=\"aa3e7cf\" data-element_type=\"widget\" data-e-type=\"widget\" data-widget_type=\"template.default\">\n\t\t\t\t<div class=\"elementor-widget-container\">\n\t\t\t\t\t\t\t<div class=\"elementor-template\">\n\t\t\t\t\t<div data-elementor-type=\"section\" data-elementor-id=\"11296\" class=\"elementor elementor-11296\" data-elementor-post-type=\"elementor_library\">\n\t\t\t\t\t<section class=\"elementor-section elementor-top-section elementor-element elementor-element-7e1c5a0b elementor-section-boxed elementor-section-height-default elementor-section-height-default\" data-id=\"7e1c5a0b\" data-element_type=\"section\" data-e-type=\"section\">\n\t\t\t\t\t\t<div class=\"elementor-container elementor-column-gap-extended\">\n\t\t\t\t\t<div class=\"elementor-column elementor-col-100 elementor-top-column elementor-element elementor-element-18408d8a\" data-id=\"18408d8a\" data-element_type=\"column\" data-e-type=\"column\">\n\t\t\t<div class=\"elementor-widget-wrap elementor-element-populated\">\n\t\t\t\t\t\t<div class=\"elementor-element elementor-element-61386853 elementor-widget elementor-widget-heading\" data-id=\"61386853\" data-element_type=\"widget\" data-e-type=\"widget\" data-widget_type=\"heading.default\">\n\t\t\t\t<div class=\"elementor-widget-container\">\n\t\t\t\t\t<h1 class=\"elementor-heading-title elementor-size-default\"><span class=\"text-bg-black\">Design for longevity<\/span><\/h1>\t\t\t\t<\/div>\n\t\t\t\t<\/div>\n\t\t\t\t<div class=\"elementor-element elementor-element-cb52964 elementor-align-center jedv-enabled--yes elementor-widget elementor-widget-breadcrumbs\" data-id=\"cb52964\" data-element_type=\"widget\" data-e-type=\"widget\" data-widget_type=\"breadcrumbs.default\">\n\t\t\t\t<div class=\"elementor-widget-container\">\n\t\t\t\t\t<p id=\"breadcrumbs\"><span><span><a href=\"https:\/\/expressionumea.se\/en\/\">Home<\/a><\/span><\/span><\/p>\t\t\t\t<\/div>\n\t\t\t\t<\/div>\n\t\t\t\t\t<\/div>\n\t\t<\/div>\n\t\t\t\t\t<\/div>\n\t\t<\/section>\n\t\t\t\t<\/div>\n\t\t\t\t<\/div>\n\t\t\t\t\t\t<\/div>\n\t\t\t\t<\/div>\n\t\t\t\t\t<\/div>\n\t\t<\/div>\n\t\t\t\t\t<\/div>\n\t\t<\/section>\n\t\t\t\t<section class=\"elementor-section elementor-top-section elementor-element elementor-element-6874f29 elementor-section-boxed elementor-section-height-default elementor-section-height-default\" data-id=\"6874f29\" data-element_type=\"section\" data-e-type=\"section\">\n\t\t\t\t\t\t<div class=\"elementor-container elementor-column-gap-default\">\n\t\t\t\t\t<div class=\"elementor-column elementor-col-100 elementor-top-column elementor-element elementor-element-9e5e053\" data-id=\"9e5e053\" data-element_type=\"column\" data-e-type=\"column\">\n\t\t\t<div class=\"elementor-widget-wrap elementor-element-populated\">\n\t\t\t\t\t\t<div class=\"elementor-element elementor-element-d8eee32 elementor-widget elementor-widget-image\" data-id=\"d8eee32\" data-element_type=\"widget\" data-e-type=\"widget\" data-widget_type=\"image.default\">\n\t\t\t\t<div class=\"elementor-widget-container\">\n\t\t\t\t\t\t\t\t\t\t\t\t\t\t\t<img decoding=\"async\" width=\"300\" height=\"60\" src=\"https:\/\/expressionumea.se\/wp-content\/uploads\/2023\/09\/eu-logga_BlaGul_1000x200-300x60.png\" class=\"attachment-medium size-medium wp-image-23964\" alt=\"\" srcset=\"https:\/\/expressionumea.se\/wp-content\/uploads\/2023\/09\/eu-logga_BlaGul_1000x200-300x60.png 300w, https:\/\/expressionumea.se\/wp-content\/uploads\/2023\/09\/eu-logga_BlaGul_1000x200-768x154.png 768w, https:\/\/expressionumea.se\/wp-content\/uploads\/2023\/09\/eu-logga_BlaGul_1000x200-18x4.png 18w, https:\/\/expressionumea.se\/wp-content\/uploads\/2023\/09\/eu-logga_BlaGul_1000x200.png 1000w\" sizes=\"(max-width: 300px) 100vw, 300px\" loading=\"eager\" \/>\t\t\t\t\t\t\t\t\t\t\t\t\t\t\t<\/div>\n\t\t\t\t<\/div>\n\t\t\t\t\t<\/div>\n\t\t<\/div>\n\t\t\t\t\t<\/div>\n\t\t<\/section>\n\t\t\t\t<section class=\"elementor-section elementor-top-section elementor-element elementor-element-a576663 elementor-section-boxed elementor-section-height-default elementor-section-height-default\" data-id=\"a576663\" data-element_type=\"section\" data-e-type=\"section\">\n\t\t\t\t\t\t<div class=\"elementor-container elementor-column-gap-default\">\n\t\t\t\t\t<div class=\"elementor-column elementor-col-100 elementor-top-column elementor-element elementor-element-6cdd018\" data-id=\"6cdd018\" data-element_type=\"column\" data-e-type=\"column\">\n\t\t\t<div class=\"elementor-widget-wrap elementor-element-populated\">\n\t\t\t\t\t\t<div class=\"elementor-element elementor-element-c44468b elementor-widget elementor-widget-text-editor\" data-id=\"c44468b\" data-element_type=\"widget\" data-e-type=\"widget\" data-widget_type=\"text-editor.default\">\n\t\t\t\t<div class=\"elementor-widget-container\">\n\t\t\t\t\t\t\t\t\t<p><b>Project name:\u00a0<\/b>Design for longevity: Contemporary production and consumption in Upper Norrland<br \/><b>Region:<\/b><b>\u00a0<\/b>Norrbotten and V\u00e4sterbotten<br \/><b>Project period:\u00a0<\/b>2021-06-01 until 2023-10-31<br \/><b>Total budget:\u00a0<\/b>5 728 775 kr<br \/><b>Partner:\u00a0<\/b>RISE<br \/><b>Funders:\u00a0<\/b>Swedish Agency for Economic and Regional Growth , Region V\u00e4sterbotten, Ume\u00e5 Municipality<\/p><p>In the Design for longevity project, we want to contribute to sustainable growth and innovation in cultural and creative industries in Upper Norrland through digitalisation, design knowledge and innovation development.<\/p><p>Both the EU and the UN put the creative and cultural industries at the centre of sustainable innovation and in rebuilding communities after the pandemic. It is a sector that plays a crucial role in the development of sustainable, attractive and vibrant communities, but it is also the sector most affected by the COVID-19 pandemic.<\/p><p>Design for longevity is a collaboration to strengthen the creative sector and an initiative where tradition and future merge. The overall aim of the project is to use digitalisation, design knowledge and innovation development to contribute to the sustainable growth and innovative capacity of small and medium-sized enterprises in Upper Norrland. The target group is creators and producers, companies that are hard hit by the pandemic.<\/p><h2>THE WORK PACKAGE<\/h2><p>Design for longevity's three overarching work packages to support the target group:<\/p><h3>BUSINESS DEVELOPMENT PROGRAMMES<\/h3><p>During the programme period, Design for Longevity will implement two business development programmes for creators and manufacturers, bridging cultural heritage and design process. The programmes will increase knowledge of design principles for longevity in objects and products based on our cultural heritage. Participants will have the opportunity to capitalise on cultural heritage, intangible values and knowledge created by previous generations, interpret them and carry them forward into the future.<\/p><p>The programmes also aim to better understand and use the design process as a tool and thus develop as a creator and create a higher business value. Finally, Design for longevity wants to develop qualitative networks and meeting places for creators, experts, local suppliers that provide the conditions for common sales channels both nationally and internationally.<\/p><p><span style=\"font-size: 18px; font-weight: 400;\">The business development programmes are aimed at creators and small businesses in the cultural and creative industries that want to strengthen their business model and local production, develop their brand through storytelling, and find new digital production methods to reach out with their value proposition.\u00a0<\/span><\/p><h3>OPEN INNOVATION ENVIRONMENTS<\/h3><p>Through our open innovation environments, we provide opportunities to test digital technologies and cross-border collaborations. The innovation environments offer expertise for prototyping, product development and exploration of new materials and digital technologies, and interactive design. Through the collaboration of RISE, eXpression Ume\u00e5 and V\u00e4sterbottens Museum, we can offer several environments that serve as places to explore and learn together with others.<\/p><h3>ESTABLISH THE SPOK PRODUCTION NETWORK<\/h3><p>Contemporary Production and Consumption (SPOK) is a platform for production that aims to gather and disseminate knowledge about local manufacturing opportunities, from crafts to industry. Design for longevity will establish, run and develop a SPOK network for northern Sweden that creates the conditions for creators and producers to provide products made of sustainable materials with shorter transport and thus less climate impact.<\/p><h2>COMMUNICATION<\/h2><p>Inspiration, communication and dissemination of the work of the Design for longevity project is mainly done via:<\/p><h3>FILMS<\/h3><p>Document the processes of creators and manufacturers through storytelling. We make the design process visible by filming and documenting the entire process during the project period. The result will be both the opportunity to show these stories from creators in northern Sweden but also material that creators and manufacturers can take with them in their own branding work and expose in various digital channels and exhibitions.\u00a0<\/p><p><a href=\"https:\/\/youtube.com\/playlist?list=PLT-hN2nwyJxWI0AI5q41Z9QpdsgehQN-I&amp;si=7QR02mDP5pAyg1mz\" target=\"_blank\" rel=\"noopener\">Link to all the films produced under the project.<\/a><\/p>\t\t\t\t\t\t\t\t<\/div>\n\t\t\t\t<\/div>\n\t\t\t\t<div class=\"elementor-element elementor-element-a6fb93b elementor-widget elementor-widget-video\" data-id=\"a6fb93b\" data-element_type=\"widget\" data-e-type=\"widget\" data-settings=\"{&quot;youtube_url&quot;:&quot;https:\\\/\\\/youtu.be\\\/WGxH0N9Dgi4?si=Ei9wblw8gDPzwh_c&quot;,&quot;video_type&quot;:&quot;youtube&quot;,&quot;controls&quot;:&quot;yes&quot;}\" data-widget_type=\"video.default\">\n\t\t\t\t<div class=\"elementor-widget-container\">\n\t\t\t\t\t\t\t<div class=\"elementor-wrapper elementor-open-inline\">\n\t\t\t<div class=\"elementor-video\"><\/div>\t\t<\/div>\n\t\t\t\t\t\t<\/div>\n\t\t\t\t<\/div>\n\t\t\t\t\t<\/div>\n\t\t<\/div>\n\t\t\t\t\t<\/div>\n\t\t<\/section>\n\t\t\t\t<section class=\"elementor-section elementor-top-section elementor-element elementor-element-45615c7 elementor-section-boxed elementor-section-height-default elementor-section-height-default\" data-id=\"45615c7\" data-element_type=\"section\" data-e-type=\"section\">\n\t\t\t\t\t\t<div class=\"elementor-container elementor-column-gap-default\">\n\t\t\t\t\t<div class=\"elementor-column elementor-col-100 elementor-top-column elementor-element elementor-element-dfbd832\" data-id=\"dfbd832\" data-element_type=\"column\" data-e-type=\"column\">\n\t\t\t<div class=\"elementor-widget-wrap elementor-element-populated\">\n\t\t\t\t\t\t<div class=\"elementor-element elementor-element-e20bccf elementor-widget elementor-widget-text-editor\" data-id=\"e20bccf\" data-element_type=\"widget\" data-e-type=\"widget\" data-widget_type=\"text-editor.default\">\n\t\t\t\t<div class=\"elementor-widget-container\">\n\t\t\t\t\t\t\t\t\t<p><span style=\"font-size: 24px; font-weight: bold; text-transform: uppercase;\">PODCAST<\/span><\/p>\n<p>Through the podcast \"Kreativa Norrland\", creators and manufacturers from northern Sweden are highlighted. The podcast focuses on highlighting the stories of existing creators to inspire other creators, spread knowledge about the industry to the public and inspire more people to dare to invest in the creative and cultural industries.&nbsp;<\/p>\n<p>Kreativa Norrland podcast cover with presenters Matilda Henningsson and Oskar Riby.<\/p>\n<p>L<a style=\"background-color: #f7f9f7;\" href=\"https:\/\/podcasters.spotify.com\/pod\/show\/oskar-riby\" target=\"_blank\" rel=\"noopener\">widow of the podcast Kreativa Norrland.<\/a><\/p>\n<h2>PROJECT OBJECTIVES<\/h2>\n<p>Design for longevity's overall goal is to develop and future-proof forms of co-operation and create direct benefits for companies in cultural and creative industries in urban and rural areas. It is a strategic endeavour to jointly develop activities in northern Sweden where design, art, culture and creative industries play a crucial role in sustainable innovation and transformation towards a sustainable society.<\/p>\n<p>Design for longevity also works on two horizontal objectives during the project period. The first is environmental sustainability by developing and implementing design principles for longevity. In the early design phase, careful consideration of material selection and design principles based on zero waste and prudent use of resources and energy throughout the production process and distribution.<\/p>\n<p>The second horizontal objective is social sustainability, gender equality and equal opportunities. As different sectors are measured with sometimes different approaches to entrepreneurship, the project will work with expertise in norm-critical innovation and process management from the start. This aims to raise the dialogue and any problems early on to create equal synergy effects and establish the view of entrepreneurship on equal terms.<\/p>\n<h2>CONTACT<\/h2>\n<div>\n<p><span style=\"font-weight: bold;\">Barbro Renkel<\/span>, eXpression Ume\u00e5<br>barbro.renkel@expressionumea.se<\/p>\n<p><b>Matilda Henningsson<\/b>, RISE<br>matilda.henningsson@ri.se<\/p>\n<\/div>\t\t\t\t\t\t\t\t<\/div>\n\t\t\t\t<\/div>\n\t\t\t\t\t<\/div>\n\t\t<\/div>\n\t\t\t\t\t<\/div>\n\t\t<\/section>\n\t\t\t\t<\/div>","protected":false},"excerpt":{"rendered":"<p>Projektnamn:&nbsp;Design for longlivity: Samtida produktion och konsumtion i O\u0308vre Norrland Region:&nbsp;Norrbotten och V\u00e4sterbotten Projektperiod:&nbsp;2021-06-01 t o m 2023-10-31 Total budget:&nbsp;5 728 775 kr Partner:&nbsp;RISE Finansi\u00e4rer:&nbsp;Tillv\u00e4xtverket , Region V\u00e4sterbotten, Ume\u00e5 Kommun I projektet Design for longevity vill vi genom digitalisering, designkunskap och innovationsutveckling bidra till h\u00e5llbar tillv\u00e4xt och innovationskraft inom kulturella och kreativa branscher i \u00f6vre [&hellip;]<\/p>\n","protected":false},"author":6,"featured_media":0,"parent":10543,"menu_order":0,"comment_status":"closed","ping_status":"closed","template":"","meta":{"footnotes":""},"elementor-sidmallar":[909],"class_list":["post-24208","page","type-page","status-publish","hentry","search-category-sida","elementor-sidmallar-projekt"],"yoast_head":"<!-- This site is optimized with the Yoast SEO plugin v27.2 - https:\/\/yoast.com\/product\/yoast-seo-wordpress\/ -->\n<title>Design for longlivity - eXpression Ume\u00e5<\/title>\n<meta name=\"robots\" content=\"index, follow, max-snippet:-1, max-image-preview:large, max-video-preview:-1\" \/>\n<link rel=\"canonical\" href=\"https:\/\/expressionumea.se\/en\/on-expression\/about-expression-2\/\" \/>\n<meta property=\"og:locale\" content=\"en_GB\" \/>\n<meta property=\"og:type\" content=\"article\" \/>\n<meta property=\"og:title\" content=\"Design for longlivity - eXpression Ume\u00e5\" \/>\n<meta property=\"og:description\" content=\"Projektnamn:&nbsp;Design for longlivity: Samtida produktion och konsumtion i O\u0308vre Norrland Region:&nbsp;Norrbotten och V\u00e4sterbotten Projektperiod:&nbsp;2021-06-01 t o m 2023-10-31 Total budget:&nbsp;5 728 775 kr Partner:&nbsp;RISE Finansi\u00e4rer:&nbsp;Tillv\u00e4xtverket , Region V\u00e4sterbotten, Ume\u00e5 Kommun I projektet Design for longevity vill vi genom digitalisering, designkunskap och innovationsutveckling bidra till h\u00e5llbar tillv\u00e4xt och innovationskraft inom kulturella och kreativa branscher i \u00f6vre [&hellip;]\" \/>\n<meta property=\"og:url\" content=\"https:\/\/expressionumea.se\/en\/on-expression\/about-expression-2\/\" \/>\n<meta property=\"og:site_name\" content=\"eXpression Ume\u00e5\" \/>\n<meta property=\"article:modified_time\" content=\"2023-10-24T14:05:31+00:00\" \/>\n<meta property=\"og:image\" content=\"https:\/\/expressionumea.se\/wp-content\/uploads\/2023\/09\/eu-logga_BlaGul_1000x200-300x60.png\" \/>\n<meta name=\"twitter:card\" content=\"summary_large_image\" \/>\n<meta name=\"twitter:label1\" content=\"Estimated reading time\" \/>\n\t<meta name=\"twitter:data1\" content=\"5 minutes\" \/>\n<script type=\"application\/ld+json\" class=\"yoast-schema-graph\">{\"@context\":\"https:\/\/schema.org\",\"@graph\":[{\"@type\":\"WebPage\",\"@id\":\"https:\/\/expressionumea.se\/om-expression\/design-for-longlivity\/\",\"url\":\"https:\/\/expressionumea.se\/om-expression\/design-for-longlivity\/\",\"name\":\"Design for longlivity - eXpression Ume\u00e5\",\"isPartOf\":{\"@id\":\"https:\/\/expressionumea.se\/#website\"},\"primaryImageOfPage\":{\"@id\":\"https:\/\/expressionumea.se\/om-expression\/design-for-longlivity\/#primaryimage\"},\"image\":{\"@id\":\"https:\/\/expressionumea.se\/om-expression\/design-for-longlivity\/#primaryimage\"},\"thumbnailUrl\":\"https:\/\/expressionumea.se\/wp-content\/uploads\/2023\/09\/eu-logga_BlaGul_1000x200-300x60.png\",\"datePublished\":\"2023-10-24T13:12:13+00:00\",\"dateModified\":\"2023-10-24T14:05:31+00:00\",\"breadcrumb\":{\"@id\":\"https:\/\/expressionumea.se\/om-expression\/design-for-longlivity\/#breadcrumb\"},\"inLanguage\":\"en-GB\",\"potentialAction\":[{\"@type\":\"ReadAction\",\"target\":[\"https:\/\/expressionumea.se\/om-expression\/design-for-longlivity\/\"]}]},{\"@type\":\"ImageObject\",\"inLanguage\":\"en-GB\",\"@id\":\"https:\/\/expressionumea.se\/om-expression\/design-for-longlivity\/#primaryimage\",\"url\":\"https:\/\/expressionumea.se\/wp-content\/uploads\/2023\/09\/eu-logga_BlaGul_1000x200-300x60.png\",\"contentUrl\":\"https:\/\/expressionumea.se\/wp-content\/uploads\/2023\/09\/eu-logga_BlaGul_1000x200-300x60.png\"},{\"@type\":\"BreadcrumbList\",\"@id\":\"https:\/\/expressionumea.se\/om-expression\/design-for-longlivity\/#breadcrumb\",\"itemListElement\":[{\"@type\":\"ListItem\",\"position\":1,\"name\":\"Hem\",\"item\":\"https:\/\/expressionumea.se\/\"},{\"@type\":\"ListItem\",\"position\":2,\"name\":\"Om expression\",\"item\":\"https:\/\/expressionumea.se\/om-expression\/\"},{\"@type\":\"ListItem\",\"position\":3,\"name\":\"Design for longlivity\"}]},{\"@type\":\"WebSite\",\"@id\":\"https:\/\/expressionumea.se\/#website\",\"url\":\"https:\/\/expressionumea.se\/\",\"name\":\"eXpression Ume\u00e5\",\"description\":\"Creative minds unite\",\"publisher\":{\"@id\":\"https:\/\/expressionumea.se\/#organization\"},\"potentialAction\":[{\"@type\":\"SearchAction\",\"target\":{\"@type\":\"EntryPoint\",\"urlTemplate\":\"https:\/\/expressionumea.se\/?s={search_term_string}\"},\"query-input\":{\"@type\":\"PropertyValueSpecification\",\"valueRequired\":true,\"valueName\":\"search_term_string\"}}],\"inLanguage\":\"en-GB\"},{\"@type\":\"Organization\",\"@id\":\"https:\/\/expressionumea.se\/#organization\",\"name\":\"eXpression Ume\u00e5\",\"url\":\"https:\/\/expressionumea.se\/\",\"logo\":{\"@type\":\"ImageObject\",\"inLanguage\":\"en-GB\",\"@id\":\"https:\/\/expressionumea.se\/#\/schema\/logo\/image\/\",\"url\":\"https:\/\/expressionumea.se\/wp-content\/uploads\/2020\/06\/expression-ume-logotyp.png\",\"contentUrl\":\"https:\/\/expressionumea.se\/wp-content\/uploads\/2020\/06\/expression-ume-logotyp.png\",\"width\":375,\"height\":98,\"caption\":\"eXpression Ume\u00e5\"},\"image\":{\"@id\":\"https:\/\/expressionumea.se\/#\/schema\/logo\/image\/\"}}]}<\/script>\n<!-- \/ Yoast SEO plugin. -->","yoast_head_json":{"title":"Design for longevity - eXpression Ume\u00e5","robots":{"index":"index","follow":"follow","max-snippet":"max-snippet:-1","max-image-preview":"max-image-preview:large","max-video-preview":"max-video-preview:-1"},"canonical":"https:\/\/expressionumea.se\/en\/on-expression\/about-expression-2\/","og_locale":"en_GB","og_type":"article","og_title":"Design for longlivity - eXpression Ume\u00e5","og_description":"Projektnamn:&nbsp;Design for longlivity: Samtida produktion och konsumtion i O\u0308vre Norrland Region:&nbsp;Norrbotten och V\u00e4sterbotten Projektperiod:&nbsp;2021-06-01 t o m 2023-10-31 Total budget:&nbsp;5 728 775 kr Partner:&nbsp;RISE Finansi\u00e4rer:&nbsp;Tillv\u00e4xtverket , Region V\u00e4sterbotten, Ume\u00e5 Kommun I projektet Design for longevity vill vi genom digitalisering, designkunskap och innovationsutveckling bidra till h\u00e5llbar tillv\u00e4xt och innovationskraft inom kulturella och kreativa branscher i \u00f6vre [&hellip;]","og_url":"https:\/\/expressionumea.se\/en\/on-expression\/about-expression-2\/","og_site_name":"eXpression Ume\u00e5","article_modified_time":"2023-10-24T14:05:31+00:00","og_image":[{"url":"https:\/\/expressionumea.se\/wp-content\/uploads\/2023\/09\/eu-logga_BlaGul_1000x200-300x60.png","type":"","width":"","height":""}],"twitter_card":"summary_large_image","twitter_misc":{"Estimated reading time":"5 minutes"},"schema":{"@context":"https:\/\/schema.org","@graph":[{"@type":"WebPage","@id":"https:\/\/expressionumea.se\/om-expression\/design-for-longlivity\/","url":"https:\/\/expressionumea.se\/om-expression\/design-for-longlivity\/","name":"Design for longevity - eXpression Ume\u00e5","isPartOf":{"@id":"https:\/\/expressionumea.se\/#website"},"primaryImageOfPage":{"@id":"https:\/\/expressionumea.se\/om-expression\/design-for-longlivity\/#primaryimage"},"image":{"@id":"https:\/\/expressionumea.se\/om-expression\/design-for-longlivity\/#primaryimage"},"thumbnailUrl":"https:\/\/expressionumea.se\/wp-content\/uploads\/2023\/09\/eu-logga_BlaGul_1000x200-300x60.png","datePublished":"2023-10-24T13:12:13+00:00","dateModified":"2023-10-24T14:05:31+00:00","breadcrumb":{"@id":"https:\/\/expressionumea.se\/om-expression\/design-for-longlivity\/#breadcrumb"},"inLanguage":"en-GB","potentialAction":[{"@type":"ReadAction","target":["https:\/\/expressionumea.se\/om-expression\/design-for-longlivity\/"]}]},{"@type":"ImageObject","inLanguage":"en-GB","@id":"https:\/\/expressionumea.se\/om-expression\/design-for-longlivity\/#primaryimage","url":"https:\/\/expressionumea.se\/wp-content\/uploads\/2023\/09\/eu-logga_BlaGul_1000x200-300x60.png","contentUrl":"https:\/\/expressionumea.se\/wp-content\/uploads\/2023\/09\/eu-logga_BlaGul_1000x200-300x60.png"},{"@type":"BreadcrumbList","@id":"https:\/\/expressionumea.se\/om-expression\/design-for-longlivity\/#breadcrumb","itemListElement":[{"@type":"ListItem","position":1,"name":"Hem","item":"https:\/\/expressionumea.se\/"},{"@type":"ListItem","position":2,"name":"Om expression","item":"https:\/\/expressionumea.se\/om-expression\/"},{"@type":"ListItem","position":3,"name":"Design for longlivity"}]},{"@type":"WebSite","@id":"https:\/\/expressionumea.se\/#website","url":"https:\/\/expressionumea.se\/","name":"eXpression Ume\u00e5","description":"Creative minds unite","publisher":{"@id":"https:\/\/expressionumea.se\/#organization"},"potentialAction":[{"@type":"SearchAction","target":{"@type":"EntryPoint","urlTemplate":"https:\/\/expressionumea.se\/?s={search_term_string}"},"query-input":{"@type":"PropertyValueSpecification","valueRequired":true,"valueName":"search_term_string"}}],"inLanguage":"en-GB"},{"@type":"Organization","@id":"https:\/\/expressionumea.se\/#organization","name":"eXpression Ume\u00e5","url":"https:\/\/expressionumea.se\/","logo":{"@type":"ImageObject","inLanguage":"en-GB","@id":"https:\/\/expressionumea.se\/#\/schema\/logo\/image\/","url":"https:\/\/expressionumea.se\/wp-content\/uploads\/2020\/06\/expression-ume-logotyp.png","contentUrl":"https:\/\/expressionumea.se\/wp-content\/uploads\/2020\/06\/expression-ume-logotyp.png","width":375,"height":98,"caption":"eXpression Ume\u00e5"},"image":{"@id":"https:\/\/expressionumea.se\/#\/schema\/logo\/image\/"}}]}},"_links":{"self":[{"href":"https:\/\/expressionumea.se\/en\/wp-json\/wp\/v2\/pages\/24208","targetHints":{"allow":["GET"]}}],"collection":[{"href":"https:\/\/expressionumea.se\/en\/wp-json\/wp\/v2\/pages"}],"about":[{"href":"https:\/\/expressionumea.se\/en\/wp-json\/wp\/v2\/types\/page"}],"author":[{"embeddable":true,"href":"https:\/\/expressionumea.se\/en\/wp-json\/wp\/v2\/users\/6"}],"replies":[{"embeddable":true,"href":"https:\/\/expressionumea.se\/en\/wp-json\/wp\/v2\/comments?post=24208"}],"version-history":[{"count":19,"href":"https:\/\/expressionumea.se\/en\/wp-json\/wp\/v2\/pages\/24208\/revisions"}],"predecessor-version":[{"id":24243,"href":"https:\/\/expressionumea.se\/en\/wp-json\/wp\/v2\/pages\/24208\/revisions\/24243"}],"up":[{"embeddable":true,"href":"https:\/\/expressionumea.se\/en\/wp-json\/wp\/v2\/pages\/10543"}],"wp:attachment":[{"href":"https:\/\/expressionumea.se\/en\/wp-json\/wp\/v2\/media?parent=24208"}],"wp:term":[{"taxonomy":"elementor-sidmallar","embeddable":true,"href":"https:\/\/expressionumea.se\/en\/wp-json\/wp\/v2\/elementor-sidmallar?post=24208"}],"curies":[{"name":"wp","href":"https:\/\/api.w.org\/{rel}","templated":true}]}}