{"id":25321,"date":"2024-06-11T10:50:42","date_gmt":"2024-06-11T08:50:42","guid":{"rendered":"https:\/\/expressionumea.se\/?page_id=25321"},"modified":"2025-03-03T16:56:34","modified_gmt":"2025-03-03T15:56:34","slug":"about-expression-3","status":"publish","type":"page","link":"https:\/\/expressionumea.se\/en\/om-expression\/forstudie-bridging-borders\/","title":{"rendered":"Exploring Cross-Border Collaboration for Sustainable Entrepreneurship"},"content":{"rendered":"<div data-elementor-type=\"wp-page\" data-elementor-id=\"25321\" class=\"elementor elementor-25321\" data-elementor-post-type=\"page\">\n\t\t\t\t\t\t<section class=\"elementor-section elementor-top-section elementor-element elementor-element-5d17c05 elementor-section-boxed elementor-section-height-default elementor-section-height-default\" data-id=\"5d17c05\" data-element_type=\"section\" data-e-type=\"section\">\n\t\t\t\t\t\t<div class=\"elementor-container elementor-column-gap-default\">\n\t\t\t\t\t<div class=\"elementor-column elementor-col-100 elementor-top-column elementor-element elementor-element-b4b3cee\" data-id=\"b4b3cee\" data-element_type=\"column\" data-e-type=\"column\">\n\t\t\t<div class=\"elementor-widget-wrap elementor-element-populated\">\n\t\t\t\t\t\t<div class=\"elementor-element elementor-element-aa3e7cf elementor-widget elementor-widget-template\" data-id=\"aa3e7cf\" data-element_type=\"widget\" data-e-type=\"widget\" data-widget_type=\"template.default\">\n\t\t\t\t<div class=\"elementor-widget-container\">\n\t\t\t\t\t\t\t<div class=\"elementor-template\">\n\t\t\t\t\t<div data-elementor-type=\"section\" data-elementor-id=\"11296\" class=\"elementor elementor-11296\" data-elementor-post-type=\"elementor_library\">\n\t\t\t\t\t<section class=\"elementor-section elementor-top-section elementor-element elementor-element-7e1c5a0b elementor-section-boxed elementor-section-height-default elementor-section-height-default\" data-id=\"7e1c5a0b\" data-element_type=\"section\" data-e-type=\"section\">\n\t\t\t\t\t\t<div class=\"elementor-container elementor-column-gap-extended\">\n\t\t\t\t\t<div class=\"elementor-column elementor-col-100 elementor-top-column elementor-element elementor-element-18408d8a\" data-id=\"18408d8a\" data-element_type=\"column\" data-e-type=\"column\">\n\t\t\t<div class=\"elementor-widget-wrap elementor-element-populated\">\n\t\t\t\t\t\t<div class=\"elementor-element elementor-element-61386853 elementor-widget elementor-widget-heading\" data-id=\"61386853\" data-element_type=\"widget\" data-e-type=\"widget\" data-widget_type=\"heading.default\">\n\t\t\t\t<div class=\"elementor-widget-container\">\n\t\t\t\t\t<h1 class=\"elementor-heading-title elementor-size-default\"><span class=\"text-bg-black\">Exploring Cross-Border Collaboration for Sustainable Entrepreneurship<\/span><\/h1>\t\t\t\t<\/div>\n\t\t\t\t<\/div>\n\t\t\t\t<div class=\"elementor-element elementor-element-cb52964 elementor-align-center jedv-enabled--yes elementor-widget elementor-widget-breadcrumbs\" data-id=\"cb52964\" data-element_type=\"widget\" data-e-type=\"widget\" data-widget_type=\"breadcrumbs.default\">\n\t\t\t\t<div class=\"elementor-widget-container\">\n\t\t\t\t\t<p id=\"breadcrumbs\"><span><span><a href=\"https:\/\/expressionumea.se\/en\/\">Home<\/a><\/span><\/span><\/p>\t\t\t\t<\/div>\n\t\t\t\t<\/div>\n\t\t\t\t\t<\/div>\n\t\t<\/div>\n\t\t\t\t\t<\/div>\n\t\t<\/section>\n\t\t\t\t<\/div>\n\t\t\t\t<\/div>\n\t\t\t\t\t\t<\/div>\n\t\t\t\t<\/div>\n\t\t\t\t\t<\/div>\n\t\t<\/div>\n\t\t\t\t\t<\/div>\n\t\t<\/section>\n\t\t\t\t<section class=\"elementor-section elementor-top-section elementor-element elementor-element-6874f29 elementor-section-boxed elementor-section-height-default elementor-section-height-default\" data-id=\"6874f29\" data-element_type=\"section\" data-e-type=\"section\">\n\t\t\t\t\t\t<div class=\"elementor-container elementor-column-gap-default\">\n\t\t\t\t\t<div class=\"elementor-column elementor-col-100 elementor-top-column elementor-element elementor-element-9e5e053\" data-id=\"9e5e053\" data-element_type=\"column\" data-e-type=\"column\">\n\t\t\t<div class=\"elementor-widget-wrap elementor-element-populated\">\n\t\t\t\t\t\t<div class=\"elementor-element elementor-element-d8eee32 elementor-widget elementor-widget-image\" data-id=\"d8eee32\" data-element_type=\"widget\" data-e-type=\"widget\" data-widget_type=\"image.default\">\n\t\t\t\t<div class=\"elementor-widget-container\">\n\t\t\t\t\t\t\t\t\t\t\t\t\t\t\t<img fetchpriority=\"high\" decoding=\"async\" width=\"1024\" height=\"308\" src=\"https:\/\/expressionumea.se\/wp-content\/uploads\/2025\/03\/AURORA-RGB-Color-1-1024x308-1.png\" class=\"attachment-full size-full wp-image-26138\" alt=\"\" srcset=\"https:\/\/expressionumea.se\/wp-content\/uploads\/2025\/03\/AURORA-RGB-Color-1-1024x308-1.png 1024w, https:\/\/expressionumea.se\/wp-content\/uploads\/2025\/03\/AURORA-RGB-Color-1-1024x308-1-300x90.png 300w, https:\/\/expressionumea.se\/wp-content\/uploads\/2025\/03\/AURORA-RGB-Color-1-1024x308-1-768x231.png 768w, https:\/\/expressionumea.se\/wp-content\/uploads\/2025\/03\/AURORA-RGB-Color-1-1024x308-1-18x5.png 18w\" sizes=\"(max-width: 1024px) 100vw, 1024px\" loading=\"eager\" \/>\t\t\t\t\t\t\t\t\t\t\t\t\t\t\t<\/div>\n\t\t\t\t<\/div>\n\t\t\t\t\t<\/div>\n\t\t<\/div>\n\t\t\t\t\t<\/div>\n\t\t<\/section>\n\t\t\t\t<section class=\"elementor-section elementor-top-section elementor-element elementor-element-a576663 elementor-section-boxed elementor-section-height-default elementor-section-height-default\" data-id=\"a576663\" data-element_type=\"section\" data-e-type=\"section\">\n\t\t\t\t\t\t<div class=\"elementor-container elementor-column-gap-default\">\n\t\t\t\t\t<div class=\"elementor-column elementor-col-100 elementor-top-column elementor-element elementor-element-6cdd018\" data-id=\"6cdd018\" data-element_type=\"column\" data-e-type=\"column\">\n\t\t\t<div class=\"elementor-widget-wrap elementor-element-populated\">\n\t\t\t\t\t\t<div class=\"elementor-element elementor-element-c44468b elementor-widget elementor-widget-text-editor\" data-id=\"c44468b\" data-element_type=\"widget\" data-e-type=\"widget\" data-widget_type=\"text-editor.default\">\n\t\t\t\t<div class=\"elementor-widget-container\">\n\t\t\t\t\t\t\t\t\t<p><strong>Status: <\/strong>Finalised<strong><br \/>Start date<\/strong>: 1 May 2024<br \/><strong>Closing date<\/strong>: 31 December 2024<br \/><strong>Budget<\/strong>40 000 EURO<br \/><strong>Project Manager<\/strong>: Barbro Renkel<\/p><h2 data-start=\"219\" data-end=\"239\"><strong data-start=\"222\" data-end=\"239\">Purpose and objectives<\/strong><\/h2><p data-start=\"240\" data-end=\"646\">The feasibility study project <em data-start=\"259\" data-end=\"330\">Exploring Cross-Border Collaboration for Sustainable Entrepreneurship<\/em> aimed to explore the possibilities for future co-operation between Swedish and Finnish business incubators in the cultural and creative industries (CCSI). By strengthening cross-border collaboration, the project aimed to improve support for entrepreneurs and small and medium-sized enterprises (SMEs) in these sectors.<\/p><p data-start=\"648\" data-end=\"678\">The main objectives were to:<\/p><ul data-start=\"679\" data-end=\"1072\"><li data-start=\"679\" data-end=\"773\">Map and analyse existing networks to improve cooperation between incubators.<\/li><li data-start=\"774\" data-end=\"874\">Explore the possibility of creating a common digital platform to reach out to a wider audience.<\/li><li data-start=\"875\" data-end=\"990\">Identify sustainable business strategies and data-driven approaches that can strengthen companies' long-term development.<\/li><li data-start=\"991\" data-end=\"1072\">Integrate S\u00e1mi knowledge and cultural perspectives into entrepreneurial models.<\/li><\/ul><h2 data-start=\"1074\" data-end=\"1106\"><strong data-start=\"1077\" data-end=\"1106\">Implementation and lessons learnt<\/strong><\/h2><p data-start=\"1107\" data-end=\"1452\">The project was implemented in co-operation between <strong data-start=\"1148\" data-end=\"1170\">Uminova eXpression<\/strong>, <strong data-start=\"1172\" data-end=\"1206\">Pite\u00e5 Science Park\/Go Business<\/strong> and <strong data-start=\"1211\" data-end=\"1273\">Design Centre Muova (Vaasa University of Applied Sciences)<\/strong>. Through regular meetings, physical partner visits in Ume\u00e5, Vaasa and Pite\u00e5, and ongoing digital collaboration, the conditions for a future cross-border initiative were analysed.<\/p><h3 data-start=\"1454\" data-end=\"1493\"><strong data-start=\"1458\" data-end=\"1493\">Key lessons learnt from the project<\/strong><\/h3><p data-start=\"1494\" data-end=\"1723\"><strong data-start=\"1497\" data-end=\"1529\">Strengthening networks and collaboration<\/strong><br data-start=\"1529\" data-end=\"1532\" \/>The project resulted in a strengthened relationship between Swedish and Finnish incubators that support cultural and creative advances - as well as a basis for exploring collaboration with a Norwegian partner in a future project application. By identifying common needs and synergies, we can now work more structured towards a common goal.<\/p><p data-start=\"1725\" data-end=\"2014\"><strong data-start=\"1728\" data-end=\"1766\">Sustainable and data-driven strategies<\/strong><br data-start=\"1766\" data-end=\"1769\" \/>The analysis of sustainable business models showed that digitalisation and data-driven methods will play an important role in future incubator activities, not least knowledge about the impact of AI on different industries and how changes in customer behaviour will be affected. This provides a better basis for decision-making and increases companies' opportunities to grow in an international market.<\/p><p data-start=\"2016\" data-end=\"2237\"><strong data-start=\"2019\" data-end=\"2056\">Integration of Sami perspectives<\/strong><br data-start=\"2056\" data-end=\"2059\" \/>The project identified the need to create customised support structures for S\u00e1mi entrepreneurs and ensure that indigenous knowledge becomes part of creative business development.<\/p><p data-start=\"2239\" data-end=\"2449\"><strong data-start=\"2242\" data-end=\"2271\">Reassessed digital strategy<\/strong><br data-start=\"2271\" data-end=\"2274\" \/>Rather than building a stand-alone digital platform, an ecosystem-based approach is proposed, integrating existing networks and digital resources in a more sustainable way.<\/p><h2 data-start=\"2451\" data-end=\"2468\"><strong data-start=\"2454\" data-end=\"2468\">Next steps<\/strong><\/h2><p data-start=\"2469\" data-end=\"2626\">The project's conclusions form a solid basis for a larger Interreg Aurora application in the next call. The further work will focus on:<\/p><ul data-start=\"2627\" data-end=\"2840\"><li data-start=\"2627\" data-end=\"2708\">Establish long-term co-operation structures between Swedish, Finnish and Norwegian incubators and business supporters - focusing on cultural and creative businesses.<\/li><li data-start=\"2709\" data-end=\"2770\">Further develop sustainable and data-driven incubation models with a focus on e.g. digitalisation, financing and marketing.<\/li><li data-start=\"2771\" data-end=\"2840\">Implement S\u00e1mi entrepreneurship insights in future projects.<\/li><\/ul><p data-start=\"2956\" data-end=\"3114\">Thank you to all the partners and participants who helped shape this project and create the conditions for a more sustainable and inclusive entrepreneurial environment.<\/p>\t\t\t\t\t\t\t\t<\/div>\n\t\t\t\t<\/div>\n\t\t\t\t\t<\/div>\n\t\t<\/div>\n\t\t\t\t\t<\/div>\n\t\t<\/section>\n\t\t\t\t<\/div>","protected":false},"excerpt":{"rendered":"<p>Status: AvslutatStartdatum: 1 maj 2024Slutdatum: 31 december 2024Budget: 40 000 EUROProjektledare:\u00a0Barbro Renkel Syfte och m\u00e5l F\u00f6rstudieprojektet Exploring Cross-Border Collaboration for Sustainable Entrepreneurship syftade till att unders\u00f6ka m\u00f6jligheterna f\u00f6r ett framtida samarbete mellan svenska och finska aff\u00e4rsinkubatorer inom de kulturella och kreativa n\u00e4ringarna (CCSI). Genom att st\u00e4rka gr\u00e4ns\u00f6verskridande samverkan ville projektet f\u00f6rb\u00e4ttra st\u00f6det till entrepren\u00f6rer och [&hellip;]<\/p>\n","protected":false},"author":6,"featured_media":0,"parent":10543,"menu_order":0,"comment_status":"closed","ping_status":"closed","template":"","meta":{"footnotes":""},"elementor-sidmallar":[909],"class_list":["post-25321","page","type-page","status-publish","hentry","search-category-sida","elementor-sidmallar-projekt"],"yoast_head":"<!-- This site is optimized with the Yoast SEO plugin v27.2 - https:\/\/yoast.com\/product\/yoast-seo-wordpress\/ -->\n<title>Exploring Cross-Border Collaboration for Sustainable Entrepreneurship - eXpression Ume\u00e5<\/title>\n<meta name=\"robots\" content=\"index, follow, max-snippet:-1, max-image-preview:large, max-video-preview:-1\" \/>\n<link rel=\"canonical\" href=\"https:\/\/expressionumea.se\/en\/on-expression\/about-expression-3\/\" \/>\n<meta property=\"og:locale\" content=\"en_GB\" \/>\n<meta property=\"og:type\" content=\"article\" \/>\n<meta property=\"og:title\" content=\"Exploring Cross-Border Collaboration for Sustainable Entrepreneurship - eXpression Ume\u00e5\" \/>\n<meta property=\"og:description\" content=\"Status: AvslutatStartdatum: 1 maj 2024Slutdatum: 31 december 2024Budget: 40 000 EUROProjektledare:\u00a0Barbro Renkel Syfte och m\u00e5l F\u00f6rstudieprojektet Exploring Cross-Border Collaboration for Sustainable Entrepreneurship syftade till att unders\u00f6ka m\u00f6jligheterna f\u00f6r ett framtida samarbete mellan svenska och finska aff\u00e4rsinkubatorer inom de kulturella och kreativa n\u00e4ringarna (CCSI). Genom att st\u00e4rka gr\u00e4ns\u00f6verskridande samverkan ville projektet f\u00f6rb\u00e4ttra st\u00f6det till entrepren\u00f6rer och [&hellip;]\" \/>\n<meta property=\"og:url\" content=\"https:\/\/expressionumea.se\/en\/on-expression\/about-expression-3\/\" \/>\n<meta property=\"og:site_name\" content=\"eXpression Ume\u00e5\" \/>\n<meta property=\"article:modified_time\" content=\"2025-03-03T15:56:34+00:00\" \/>\n<meta property=\"og:image\" content=\"https:\/\/expressionumea.se\/wp-content\/uploads\/2025\/03\/AURORA-RGB-Color-1-1024x308-1.png\" \/>\n\t<meta property=\"og:image:width\" content=\"1024\" \/>\n\t<meta property=\"og:image:height\" content=\"308\" \/>\n\t<meta property=\"og:image:type\" content=\"image\/png\" \/>\n<meta name=\"twitter:card\" content=\"summary_large_image\" \/>\n<meta name=\"twitter:label1\" content=\"Estimated reading time\" \/>\n\t<meta name=\"twitter:data1\" content=\"3 minutes\" \/>\n<script type=\"application\/ld+json\" class=\"yoast-schema-graph\">{\"@context\":\"https:\/\/schema.org\",\"@graph\":[{\"@type\":\"WebPage\",\"@id\":\"https:\/\/expressionumea.se\/om-expression\/forstudie-bridging-borders\/\",\"url\":\"https:\/\/expressionumea.se\/om-expression\/forstudie-bridging-borders\/\",\"name\":\"Exploring Cross-Border Collaboration for Sustainable Entrepreneurship - eXpression Ume\u00e5\",\"isPartOf\":{\"@id\":\"https:\/\/expressionumea.se\/#website\"},\"primaryImageOfPage\":{\"@id\":\"https:\/\/expressionumea.se\/om-expression\/forstudie-bridging-borders\/#primaryimage\"},\"image\":{\"@id\":\"https:\/\/expressionumea.se\/om-expression\/forstudie-bridging-borders\/#primaryimage\"},\"thumbnailUrl\":\"https:\/\/expressionumea.se\/wp-content\/uploads\/2025\/03\/AURORA-RGB-Color-1-1024x308-1.png\",\"datePublished\":\"2024-06-11T08:50:42+00:00\",\"dateModified\":\"2025-03-03T15:56:34+00:00\",\"breadcrumb\":{\"@id\":\"https:\/\/expressionumea.se\/om-expression\/forstudie-bridging-borders\/#breadcrumb\"},\"inLanguage\":\"en-GB\",\"potentialAction\":[{\"@type\":\"ReadAction\",\"target\":[\"https:\/\/expressionumea.se\/om-expression\/forstudie-bridging-borders\/\"]}]},{\"@type\":\"ImageObject\",\"inLanguage\":\"en-GB\",\"@id\":\"https:\/\/expressionumea.se\/om-expression\/forstudie-bridging-borders\/#primaryimage\",\"url\":\"https:\/\/expressionumea.se\/wp-content\/uploads\/2025\/03\/AURORA-RGB-Color-1-1024x308-1.png\",\"contentUrl\":\"https:\/\/expressionumea.se\/wp-content\/uploads\/2025\/03\/AURORA-RGB-Color-1-1024x308-1.png\"},{\"@type\":\"BreadcrumbList\",\"@id\":\"https:\/\/expressionumea.se\/om-expression\/forstudie-bridging-borders\/#breadcrumb\",\"itemListElement\":[{\"@type\":\"ListItem\",\"position\":1,\"name\":\"Hem\",\"item\":\"https:\/\/expressionumea.se\/\"},{\"@type\":\"ListItem\",\"position\":2,\"name\":\"Om expression\",\"item\":\"https:\/\/expressionumea.se\/om-expression\/\"},{\"@type\":\"ListItem\",\"position\":3,\"name\":\"Exploring Cross-Border Collaboration for Sustainable Entrepreneurship\"}]},{\"@type\":\"WebSite\",\"@id\":\"https:\/\/expressionumea.se\/#website\",\"url\":\"https:\/\/expressionumea.se\/\",\"name\":\"eXpression Ume\u00e5\",\"description\":\"Creative minds unite\",\"publisher\":{\"@id\":\"https:\/\/expressionumea.se\/#organization\"},\"potentialAction\":[{\"@type\":\"SearchAction\",\"target\":{\"@type\":\"EntryPoint\",\"urlTemplate\":\"https:\/\/expressionumea.se\/?s={search_term_string}\"},\"query-input\":{\"@type\":\"PropertyValueSpecification\",\"valueRequired\":true,\"valueName\":\"search_term_string\"}}],\"inLanguage\":\"en-GB\"},{\"@type\":\"Organization\",\"@id\":\"https:\/\/expressionumea.se\/#organization\",\"name\":\"eXpression Ume\u00e5\",\"url\":\"https:\/\/expressionumea.se\/\",\"logo\":{\"@type\":\"ImageObject\",\"inLanguage\":\"en-GB\",\"@id\":\"https:\/\/expressionumea.se\/#\/schema\/logo\/image\/\",\"url\":\"https:\/\/expressionumea.se\/wp-content\/uploads\/2020\/06\/expression-ume-logotyp.png\",\"contentUrl\":\"https:\/\/expressionumea.se\/wp-content\/uploads\/2020\/06\/expression-ume-logotyp.png\",\"width\":375,\"height\":98,\"caption\":\"eXpression Ume\u00e5\"},\"image\":{\"@id\":\"https:\/\/expressionumea.se\/#\/schema\/logo\/image\/\"}}]}<\/script>\n<!-- \/ Yoast SEO plugin. -->","yoast_head_json":{"title":"Exploring Cross-Border Collaboration for Sustainable Entrepreneurship - eXpression Ume\u00e5","robots":{"index":"index","follow":"follow","max-snippet":"max-snippet:-1","max-image-preview":"max-image-preview:large","max-video-preview":"max-video-preview:-1"},"canonical":"https:\/\/expressionumea.se\/en\/on-expression\/about-expression-3\/","og_locale":"en_GB","og_type":"article","og_title":"Exploring Cross-Border Collaboration for Sustainable Entrepreneurship - eXpression Ume\u00e5","og_description":"Status: AvslutatStartdatum: 1 maj 2024Slutdatum: 31 december 2024Budget: 40 000 EUROProjektledare:\u00a0Barbro Renkel Syfte och m\u00e5l F\u00f6rstudieprojektet Exploring Cross-Border Collaboration for Sustainable Entrepreneurship syftade till att unders\u00f6ka m\u00f6jligheterna f\u00f6r ett framtida samarbete mellan svenska och finska aff\u00e4rsinkubatorer inom de kulturella och kreativa n\u00e4ringarna (CCSI). Genom att st\u00e4rka gr\u00e4ns\u00f6verskridande samverkan ville projektet f\u00f6rb\u00e4ttra st\u00f6det till entrepren\u00f6rer och [&hellip;]","og_url":"https:\/\/expressionumea.se\/en\/on-expression\/about-expression-3\/","og_site_name":"eXpression Ume\u00e5","article_modified_time":"2025-03-03T15:56:34+00:00","og_image":[{"width":1024,"height":308,"url":"https:\/\/expressionumea.se\/wp-content\/uploads\/2025\/03\/AURORA-RGB-Color-1-1024x308-1.png","type":"image\/png"}],"twitter_card":"summary_large_image","twitter_misc":{"Estimated reading time":"3 minutes"},"schema":{"@context":"https:\/\/schema.org","@graph":[{"@type":"WebPage","@id":"https:\/\/expressionumea.se\/om-expression\/forstudie-bridging-borders\/","url":"https:\/\/expressionumea.se\/om-expression\/forstudie-bridging-borders\/","name":"Exploring Cross-Border Collaboration for Sustainable Entrepreneurship - eXpression Ume\u00e5","isPartOf":{"@id":"https:\/\/expressionumea.se\/#website"},"primaryImageOfPage":{"@id":"https:\/\/expressionumea.se\/om-expression\/forstudie-bridging-borders\/#primaryimage"},"image":{"@id":"https:\/\/expressionumea.se\/om-expression\/forstudie-bridging-borders\/#primaryimage"},"thumbnailUrl":"https:\/\/expressionumea.se\/wp-content\/uploads\/2025\/03\/AURORA-RGB-Color-1-1024x308-1.png","datePublished":"2024-06-11T08:50:42+00:00","dateModified":"2025-03-03T15:56:34+00:00","breadcrumb":{"@id":"https:\/\/expressionumea.se\/om-expression\/forstudie-bridging-borders\/#breadcrumb"},"inLanguage":"en-GB","potentialAction":[{"@type":"ReadAction","target":["https:\/\/expressionumea.se\/om-expression\/forstudie-bridging-borders\/"]}]},{"@type":"ImageObject","inLanguage":"en-GB","@id":"https:\/\/expressionumea.se\/om-expression\/forstudie-bridging-borders\/#primaryimage","url":"https:\/\/expressionumea.se\/wp-content\/uploads\/2025\/03\/AURORA-RGB-Color-1-1024x308-1.png","contentUrl":"https:\/\/expressionumea.se\/wp-content\/uploads\/2025\/03\/AURORA-RGB-Color-1-1024x308-1.png"},{"@type":"BreadcrumbList","@id":"https:\/\/expressionumea.se\/om-expression\/forstudie-bridging-borders\/#breadcrumb","itemListElement":[{"@type":"ListItem","position":1,"name":"Hem","item":"https:\/\/expressionumea.se\/"},{"@type":"ListItem","position":2,"name":"Om expression","item":"https:\/\/expressionumea.se\/om-expression\/"},{"@type":"ListItem","position":3,"name":"Exploring Cross-Border Collaboration for Sustainable Entrepreneurship"}]},{"@type":"WebSite","@id":"https:\/\/expressionumea.se\/#website","url":"https:\/\/expressionumea.se\/","name":"eXpression Ume\u00e5","description":"Creative minds unite","publisher":{"@id":"https:\/\/expressionumea.se\/#organization"},"potentialAction":[{"@type":"SearchAction","target":{"@type":"EntryPoint","urlTemplate":"https:\/\/expressionumea.se\/?s={search_term_string}"},"query-input":{"@type":"PropertyValueSpecification","valueRequired":true,"valueName":"search_term_string"}}],"inLanguage":"en-GB"},{"@type":"Organization","@id":"https:\/\/expressionumea.se\/#organization","name":"eXpression Ume\u00e5","url":"https:\/\/expressionumea.se\/","logo":{"@type":"ImageObject","inLanguage":"en-GB","@id":"https:\/\/expressionumea.se\/#\/schema\/logo\/image\/","url":"https:\/\/expressionumea.se\/wp-content\/uploads\/2020\/06\/expression-ume-logotyp.png","contentUrl":"https:\/\/expressionumea.se\/wp-content\/uploads\/2020\/06\/expression-ume-logotyp.png","width":375,"height":98,"caption":"eXpression Ume\u00e5"},"image":{"@id":"https:\/\/expressionumea.se\/#\/schema\/logo\/image\/"}}]}},"_links":{"self":[{"href":"https:\/\/expressionumea.se\/en\/wp-json\/wp\/v2\/pages\/25321","targetHints":{"allow":["GET"]}}],"collection":[{"href":"https:\/\/expressionumea.se\/en\/wp-json\/wp\/v2\/pages"}],"about":[{"href":"https:\/\/expressionumea.se\/en\/wp-json\/wp\/v2\/types\/page"}],"author":[{"embeddable":true,"href":"https:\/\/expressionumea.se\/en\/wp-json\/wp\/v2\/users\/6"}],"replies":[{"embeddable":true,"href":"https:\/\/expressionumea.se\/en\/wp-json\/wp\/v2\/comments?post=25321"}],"version-history":[{"count":14,"href":"https:\/\/expressionumea.se\/en\/wp-json\/wp\/v2\/pages\/25321\/revisions"}],"predecessor-version":[{"id":26141,"href":"https:\/\/expressionumea.se\/en\/wp-json\/wp\/v2\/pages\/25321\/revisions\/26141"}],"up":[{"embeddable":true,"href":"https:\/\/expressionumea.se\/en\/wp-json\/wp\/v2\/pages\/10543"}],"wp:attachment":[{"href":"https:\/\/expressionumea.se\/en\/wp-json\/wp\/v2\/media?parent=25321"}],"wp:term":[{"taxonomy":"elementor-sidmallar","embeddable":true,"href":"https:\/\/expressionumea.se\/en\/wp-json\/wp\/v2\/elementor-sidmallar?post=25321"}],"curies":[{"name":"wp","href":"https:\/\/api.w.org\/{rel}","templated":true}]}}