{"id":26106,"date":"2025-02-27T09:30:45","date_gmt":"2025-02-27T08:30:45","guid":{"rendered":"https:\/\/expressionumea.se\/?page_id=26106"},"modified":"2025-02-27T10:41:09","modified_gmt":"2025-02-27T09:41:09","slug":"expression-creative-6","status":"publish","type":"page","link":"https:\/\/expressionumea.se\/en\/om-expression\/kreativa-norrland\/","title":{"rendered":"Creative Norrland"},"content":{"rendered":"\t\t<div data-elementor-type=\"wp-page\" data-elementor-id=\"26106\" class=\"elementor elementor-26106\" data-elementor-post-type=\"page\">\n\t\t\t\t\t\t<section class=\"elementor-section elementor-top-section elementor-element elementor-element-516b0e6 elementor-section-full_width elementor-section-height-default elementor-section-height-default\" data-id=\"516b0e6\" data-element_type=\"section\" data-e-type=\"section\">\n\t\t\t\t\t\t<div class=\"elementor-container elementor-column-gap-no\">\n\t\t\t\t\t\t<\/div>\n\t\t<\/section>\n\t\t\t\t<section class=\"elementor-section elementor-top-section elementor-element elementor-element-1b6f80d0 elementor-section-boxed elementor-section-height-default elementor-section-height-default\" data-id=\"1b6f80d0\" data-element_type=\"section\" data-e-type=\"section\" data-settings=\"{&quot;background_background&quot;:&quot;classic&quot;}\">\n\t\t\t\t\t\t<div class=\"elementor-container elementor-column-gap-default\">\n\t\t\t\t\t<div class=\"elementor-column elementor-col-100 elementor-top-column elementor-element elementor-element-df37991\" data-id=\"df37991\" data-element_type=\"column\" data-e-type=\"column\">\n\t\t\t<div class=\"elementor-widget-wrap elementor-element-populated\">\n\t\t\t\t\t\t<div class=\"elementor-element elementor-element-29a93862 padded-multiline elementor-widget elementor-widget-heading\" data-id=\"29a93862\" data-element_type=\"widget\" data-e-type=\"widget\" data-widget_type=\"heading.default\">\n\t\t\t\t<div class=\"elementor-widget-container\">\n\t\t\t\t\t<h1 class=\"elementor-heading-title elementor-size-default\">Kreativa Norrland<\/h1>\t\t\t\t<\/div>\n\t\t\t\t<\/div>\n\t\t\t\t<div class=\"elementor-element elementor-element-4acc4fc elementor-widget elementor-widget-text-editor\" data-id=\"4acc4fc\" data-element_type=\"widget\" data-e-type=\"widget\" data-widget_type=\"text-editor.default\">\n\t\t\t\t<div class=\"elementor-widget-container\">\n\t\t\t\t\t\t\t\t\t<p class=\"p1\">St\u00e4rker kreativa f\u00f6retag i norra Sverige genom samverkan, innovation och aff\u00e4rsutveckling \u2013 f\u00f6r livskraftiga och attraktiva samh\u00e4llen.<\/p>\t\t\t\t\t\t\t\t<\/div>\n\t\t\t\t<\/div>\n\t\t\t\t<div class=\"elementor-element elementor-element-ada0903 elementor-widget elementor-widget-image\" data-id=\"ada0903\" data-element_type=\"widget\" data-e-type=\"widget\" data-widget_type=\"image.default\">\n\t\t\t\t<div class=\"elementor-widget-container\">\n\t\t\t\t\t\t\t\t\t\t\t\t\t\t\t<img fetchpriority=\"high\" decoding=\"async\" width=\"800\" height=\"160\" src=\"https:\/\/expressionumea.se\/wp-content\/uploads\/2023\/09\/eu-logga_BlaGul_1000x200.png\" class=\"attachment-large size-large wp-image-23964\" alt=\"\" srcset=\"https:\/\/expressionumea.se\/wp-content\/uploads\/2023\/09\/eu-logga_BlaGul_1000x200.png 1000w, https:\/\/expressionumea.se\/wp-content\/uploads\/2023\/09\/eu-logga_BlaGul_1000x200-300x60.png 300w, https:\/\/expressionumea.se\/wp-content\/uploads\/2023\/09\/eu-logga_BlaGul_1000x200-768x154.png 768w, https:\/\/expressionumea.se\/wp-content\/uploads\/2023\/09\/eu-logga_BlaGul_1000x200-18x4.png 18w\" sizes=\"(max-width: 800px) 100vw, 800px\" loading=\"eager\" \/>\t\t\t\t\t\t\t\t\t\t\t\t\t\t\t<\/div>\n\t\t\t\t<\/div>\n\t\t\t\t\t<\/div>\n\t\t<\/div>\n\t\t\t\t\t<\/div>\n\t\t<\/section>\n\t\t\t\t<section class=\"elementor-section elementor-top-section elementor-element elementor-element-fb61ddc elementor-section-boxed elementor-section-height-default elementor-section-height-default\" data-id=\"fb61ddc\" data-element_type=\"section\" data-e-type=\"section\" data-settings=\"{&quot;background_background&quot;:&quot;classic&quot;,&quot;shape_divider_top&quot;:&quot;tilt&quot;}\">\n\t\t\t\t\t<div class=\"elementor-shape elementor-shape-top\" aria-hidden=\"true\" data-negative=\"false\">\n\t\t\t<svg xmlns=\"http:\/\/www.w3.org\/2000\/svg\" viewBox=\"0 0 1000 100\" preserveAspectRatio=\"none\">\n\t<path class=\"elementor-shape-fill\" d=\"M0,6V0h1000v100L0,6z\"\/>\n<\/svg>\t\t<\/div>\n\t\t\t\t\t<div class=\"elementor-container elementor-column-gap-wider\">\n\t\t\t\t\t<div class=\"elementor-column elementor-col-50 elementor-top-column elementor-element elementor-element-1beb68a\" data-id=\"1beb68a\" data-element_type=\"column\" data-e-type=\"column\">\n\t\t\t<div class=\"elementor-widget-wrap elementor-element-populated\">\n\t\t\t\t\t\t<div class=\"elementor-element elementor-element-1776ef9 elementor-widget elementor-widget-heading\" data-id=\"1776ef9\" data-element_type=\"widget\" data-e-type=\"widget\" data-widget_type=\"heading.default\">\n\t\t\t\t<div class=\"elementor-widget-container\">\n\t\t\t\t\t<h2 class=\"elementor-heading-title elementor-size-default\">Kultur och kreativitet som motor f\u00f6r h\u00e5llbar utveckling<\/h2>\t\t\t\t<\/div>\n\t\t\t\t<\/div>\n\t\t\t\t<div class=\"elementor-element elementor-element-1c561b0 elementor-widget elementor-widget-text-editor\" data-id=\"1c561b0\" data-element_type=\"widget\" data-e-type=\"widget\" data-widget_type=\"text-editor.default\">\n\t\t\t\t<div class=\"elementor-widget-container\">\n\t\t\t\t\t\t\t\t\t<p data-start=\"131\" data-end=\"277\">Kreativa Norrland hj\u00e4lper f\u00f6retag inom kulturella och kreativa branscher (KKB) och de samiska n\u00e4ringarna att v\u00e4xa och utvecklas i norra Sverige.<\/p><p data-start=\"279\" data-end=\"599\">N\u00e4r samh\u00e4llet st\u00e4ller om f\u00f6r att bli mer h\u00e5llbart \u00e4r en stor utmaning att skapa platser d\u00e4r vi trivs och vill leva \u2013 b\u00e5de nu och i framtiden. Detta \u00e4r s\u00e4rskilt viktigt i \u00f6vre Norrland, en region som v\u00e4xer snabbt. Kultur spelar en central roll i den h\u00e4r utvecklingen och \u00e4r h\u00f6gt prioriterat i m\u00e5nga st\u00e4der och regioner.<\/p><p data-start=\"601\" data-end=\"972\">De kulturella och kreativa branscherna har en viktig plats i samh\u00e4llsf\u00f6r\u00e4ndringen. Det finns cirka 130 000 f\u00f6retag i branschen, vilket motsvarar en tiondel av alla f\u00f6retag i Sverige. Tillsammans syssels\u00e4tter de runt 190 000 yrkesverksamma och r\u00e4knas som en av landets viktiga basindustrier. M\u00e5nga f\u00f6retag jobbar internationellt genom export och digitala aff\u00e4rsmodeller.<\/p><p data-start=\"974\" data-end=\"1361\">De flesta f\u00f6retag inom KKB \u00e4r sm\u00e5, ofta mikrof\u00f6retag, och samarbeten \u00e4r en viktig del av aff\u00e4rsmodellen. F\u00f6retagen verkar inom omr\u00e5den som film, mode, musik, spel, design, scenkonst och kulturarv. De samverkar ocks\u00e5 med andra branscher, exempelvis inom produkt- och platsutveckling. Genom samarbeten och n\u00e4tverk skapas innovation, sammanh\u00e5llning och motst\u00e5ndskraft.<\/p><p data-start=\"1363\" data-end=\"1516\"><strong data-start=\"1363\" data-end=\"1393\">Vad g\u00f6r Kreativa Norrland?<\/strong><br data-start=\"1393\" data-end=\"1396\" \/>Vi st\u00e4rker entrepren\u00f6rskap, samarbete och innovation i KKB-sektorn och skapar nya aff\u00e4rsm\u00f6jligheter genom att erbjuda:<\/p><ul data-start=\"1518\" data-end=\"1743\"><li data-start=\"1518\" data-end=\"1534\">M\u00f6tesplatser<\/li><li data-start=\"1535\" data-end=\"1566\">Aff\u00e4rs- och innovationsst\u00f6d<\/li><li data-start=\"1567\" data-end=\"1593\">Coachning och expertis<\/li><li data-start=\"1594\" data-end=\"1634\">Designverkst\u00e4der och platsutveckling<\/li><li data-start=\"1635\" data-end=\"1695\">Kommunikation och synligg\u00f6rande av f\u00f6retag och branscher<\/li><li data-start=\"1696\" data-end=\"1743\">S-P-O-K \u2013 H\u00e5llbar produktion och konsumtion<\/li><\/ul>\t\t\t\t\t\t\t\t<\/div>\n\t\t\t\t<\/div>\n\t\t\t\t\t<\/div>\n\t\t<\/div>\n\t\t\t\t<div class=\"elementor-column elementor-col-50 elementor-top-column elementor-element elementor-element-9218213\" data-id=\"9218213\" data-element_type=\"column\" data-e-type=\"column\" data-settings=\"{&quot;background_background&quot;:&quot;classic&quot;}\">\n\t\t\t<div class=\"elementor-widget-wrap elementor-element-populated\">\n\t\t\t\t<div class=\"elementor-element elementor-element-301608b e-flex e-con-boxed e-con e-parent\" data-id=\"301608b\" data-element_type=\"container\" data-e-type=\"container\" data-settings=\"{&quot;background_background&quot;:&quot;classic&quot;}\">\n\t\t\t\t\t<div class=\"e-con-inner\">\n\t\t\t\t<div class=\"elementor-element elementor-element-cfe5c2a elementor-widget elementor-widget-heading\" data-id=\"cfe5c2a\" data-element_type=\"widget\" data-e-type=\"widget\" data-widget_type=\"heading.default\">\n\t\t\t\t<div class=\"elementor-widget-container\">\n\t\t\t\t\t<h2 class=\"elementor-heading-title elementor-size-default\">Sammanfattning<\/h2>\t\t\t\t<\/div>\n\t\t\t\t<\/div>\n\t\t\t\t<div class=\"elementor-element elementor-element-610ab6c elementor-widget elementor-widget-text-editor\" data-id=\"610ab6c\" data-element_type=\"widget\" data-e-type=\"widget\" data-widget_type=\"text-editor.default\">\n\t\t\t\t<div class=\"elementor-widget-container\">\n\t\t\t\t\t\t\t\t\t<p><strong>Projektnamn:<\/strong> Kreativa Norrland<\/p><p><strong>Status: <\/strong>P\u00e5g\u00e5ende<\/p><p><b>Region:<\/b> V\u00e4sterbotten och Norrbotten<\/p><p><strong>Startdatum:<\/strong> 1\/8 2024\u00a0<\/p><p><strong>L\u00e4ngd:<\/strong> 36 m\u00e5nader<\/p><p><strong>Budget:<\/strong> Ca 12 miljoner\u00a0<\/p><p><strong>Partner:<\/strong> RISE (lead partner)<\/p><p><strong>Finansi\u00e4rer:<\/strong> Regionala utvecklingsfonden (Tillv\u00e4xtverket), Region V\u00e4sterbotten, Ume\u00e5 Kommun, Lule\u00e5 Kommun, Pite\u00e5 Kommun, Balticgruppen AB.<\/p>\t\t\t\t\t\t\t\t<\/div>\n\t\t\t\t<\/div>\n\t\t\t\t\t<\/div>\n\t\t\t\t<\/div>\n\t\t\t\t<div class=\"elementor-element elementor-element-2bbb09ca elementor-widget elementor-widget-jet-listing-grid\" data-id=\"2bbb09ca\" data-element_type=\"widget\" data-e-type=\"widget\" data-settings=\"{&quot;columns&quot;:&quot;1&quot;}\" data-widget_type=\"jet-listing-grid.default\">\n\t\t\t\t<div class=\"elementor-widget-container\">\n\t\t\t\t\t<div class=\"jet-listing-grid jet-listing\"><div class=\"jet-listing-not-found jet-listing-grid__items\" data-nav=\"{&quot;enabled&quot;:false,&quot;type&quot;:null,&quot;more_el&quot;:null,&quot;query&quot;:[],&quot;widget_settings&quot;:{&quot;lisitng_id&quot;:10900,&quot;posts_num&quot;:6,&quot;columns&quot;:1,&quot;columns_tablet&quot;:1,&quot;columns_mobile&quot;:1,&quot;column_min_width&quot;:240,&quot;column_min_width_tablet&quot;:240,&quot;column_min_width_mobile&quot;:240,&quot;inline_columns_css&quot;:false,&quot;is_archive_template&quot;:&quot;&quot;,&quot;post_status&quot;:[&quot;publish&quot;],&quot;use_random_posts_num&quot;:&quot;&quot;,&quot;max_posts_num&quot;:9,&quot;not_found_message&quot;:&quot;No data was found&quot;,&quot;is_masonry&quot;:false,&quot;equal_columns_height&quot;:&quot;&quot;,&quot;use_load_more&quot;:&quot;&quot;,&quot;load_more_id&quot;:&quot;&quot;,&quot;load_more_type&quot;:&quot;click&quot;,&quot;load_more_offset&quot;:{&quot;unit&quot;:&quot;px&quot;,&quot;size&quot;:0,&quot;sizes&quot;:[]},&quot;use_custom_post_types&quot;:&quot;&quot;,&quot;custom_post_types&quot;:[],&quot;hide_widget_if&quot;:&quot;&quot;,&quot;carousel_enabled&quot;:&quot;&quot;,&quot;slides_to_scroll&quot;:&quot;1&quot;,&quot;arrows&quot;:&quot;true&quot;,&quot;arrow_icon&quot;:&quot;fa fa-angle-left&quot;,&quot;dots&quot;:&quot;&quot;,&quot;autoplay&quot;:&quot;true&quot;,&quot;pause_on_hover&quot;:&quot;true&quot;,&quot;autoplay_speed&quot;:5000,&quot;infinite&quot;:&quot;true&quot;,&quot;center_mode&quot;:&quot;&quot;,&quot;effect&quot;:&quot;slide&quot;,&quot;speed&quot;:500,&quot;inject_alternative_items&quot;:&quot;&quot;,&quot;injection_items&quot;:[],&quot;scroll_slider_enabled&quot;:&quot;&quot;,&quot;scroll_slider_on&quot;:[&quot;desktop&quot;,&quot;tablet&quot;,&quot;mobile&quot;],&quot;custom_query&quot;:false,&quot;custom_query_id&quot;:&quot;&quot;,&quot;_element_id&quot;:&quot;&quot;,&quot;collapse_first_last_gap&quot;:false,&quot;list_tag_selection&quot;:&quot;&quot;,&quot;list_items_wrapper_tag&quot;:&quot;div&quot;,&quot;list_item_tag&quot;:&quot;div&quot;,&quot;empty_items_wrapper_tag&quot;:&quot;div&quot;}}\" data-listing-source=\"posts\" data-listing-id=\"10900\" data-query-id=\"\" data-queried-id=\"26106|WP_Post\">No data was found<\/div><\/div>\t\t\t\t<\/div>\n\t\t\t\t<\/div>\n\t\t\t\t\t<\/div>\n\t\t<\/div>\n\t\t\t\t\t<\/div>\n\t\t<\/section>\n\t\t\t\t<section class=\"elementor-section elementor-top-section elementor-element elementor-element-2abe15fa elementor-section-boxed elementor-section-height-default elementor-section-height-default\" data-id=\"2abe15fa\" data-element_type=\"section\" data-e-type=\"section\" data-settings=\"{&quot;background_background&quot;:&quot;classic&quot;,&quot;shape_divider_top&quot;:&quot;tilt&quot;}\">\n\t\t\t\t\t<div class=\"elementor-shape elementor-shape-top\" aria-hidden=\"true\" data-negative=\"false\">\n\t\t\t<svg xmlns=\"http:\/\/www.w3.org\/2000\/svg\" viewBox=\"0 0 1000 100\" preserveAspectRatio=\"none\">\n\t<path class=\"elementor-shape-fill\" d=\"M0,6V0h1000v100L0,6z\"\/>\n<\/svg>\t\t<\/div>\n\t\t\t\t\t<div class=\"elementor-container elementor-column-gap-default\">\n\t\t\t\t\t<div class=\"elementor-column elementor-col-100 elementor-top-column elementor-element elementor-element-3506e5ec\" data-id=\"3506e5ec\" data-element_type=\"column\" data-e-type=\"column\">\n\t\t\t<div class=\"elementor-widget-wrap\">\n\t\t\t\t\t\t\t<\/div>\n\t\t<\/div>\n\t\t\t\t\t<\/div>\n\t\t<\/section>\n\t\t\t\t<\/div>\n\t\t","protected":false},"excerpt":{"rendered":"<p>Kreativa Norrland St\u00e4rker kreativa f\u00f6retag i norra Sverige genom samverkan, innovation och aff\u00e4rsutveckling \u2013 f\u00f6r livskraftiga och attraktiva samh\u00e4llen. Kultur och kreativitet som motor f\u00f6r h\u00e5llbar utveckling Kreativa Norrland hj\u00e4lper f\u00f6retag inom kulturella och kreativa branscher (KKB) och de samiska n\u00e4ringarna att v\u00e4xa och utvecklas i norra Sverige. N\u00e4r samh\u00e4llet st\u00e4ller om f\u00f6r att bli [&hellip;]<\/p>\n","protected":false},"author":6,"featured_media":0,"parent":10543,"menu_order":0,"comment_status":"closed","ping_status":"closed","template":"","meta":{"footnotes":""},"elementor-sidmallar":[],"class_list":["post-26106","page","type-page","status-publish","hentry","search-category-sida"],"yoast_head":"<!-- This site is optimized with the Yoast SEO plugin v27.2 - https:\/\/yoast.com\/product\/yoast-seo-wordpress\/ -->\n<title>Kreativa Norrland - eXpression Ume\u00e5<\/title>\n<meta name=\"robots\" content=\"index, follow, max-snippet:-1, max-image-preview:large, max-video-preview:-1\" \/>\n<link rel=\"canonical\" href=\"https:\/\/expressionumea.se\/en\/on-expression\/expression-creative-6\/\" \/>\n<meta property=\"og:locale\" content=\"en_GB\" \/>\n<meta property=\"og:type\" content=\"article\" \/>\n<meta property=\"og:title\" content=\"Kreativa Norrland - eXpression Ume\u00e5\" \/>\n<meta property=\"og:description\" content=\"Kreativa Norrland St\u00e4rker kreativa f\u00f6retag i norra Sverige genom samverkan, innovation och aff\u00e4rsutveckling \u2013 f\u00f6r livskraftiga och attraktiva samh\u00e4llen. Kultur och kreativitet som motor f\u00f6r h\u00e5llbar utveckling Kreativa Norrland hj\u00e4lper f\u00f6retag inom kulturella och kreativa branscher (KKB) och de samiska n\u00e4ringarna att v\u00e4xa och utvecklas i norra Sverige. N\u00e4r samh\u00e4llet st\u00e4ller om f\u00f6r att bli [&hellip;]\" \/>\n<meta property=\"og:url\" content=\"https:\/\/expressionumea.se\/en\/on-expression\/expression-creative-6\/\" \/>\n<meta property=\"og:site_name\" content=\"eXpression Ume\u00e5\" \/>\n<meta property=\"article:modified_time\" content=\"2025-02-27T09:41:09+00:00\" \/>\n<meta property=\"og:image\" content=\"https:\/\/expressionumea.se\/wp-content\/uploads\/2023\/09\/eu-logga_BlaGul_1000x200.png\" \/>\n\t<meta property=\"og:image:width\" content=\"1000\" \/>\n\t<meta property=\"og:image:height\" content=\"200\" \/>\n\t<meta property=\"og:image:type\" content=\"image\/png\" \/>\n<meta name=\"twitter:card\" content=\"summary_large_image\" \/>\n<meta name=\"twitter:label1\" content=\"Estimated reading time\" \/>\n\t<meta name=\"twitter:data1\" content=\"3 minutes\" \/>\n<script type=\"application\/ld+json\" class=\"yoast-schema-graph\">{\"@context\":\"https:\/\/schema.org\",\"@graph\":[{\"@type\":\"WebPage\",\"@id\":\"https:\/\/expressionumea.se\/om-expression\/kreativa-norrland\/\",\"url\":\"https:\/\/expressionumea.se\/om-expression\/kreativa-norrland\/\",\"name\":\"Kreativa Norrland - eXpression Ume\u00e5\",\"isPartOf\":{\"@id\":\"https:\/\/expressionumea.se\/#website\"},\"primaryImageOfPage\":{\"@id\":\"https:\/\/expressionumea.se\/om-expression\/kreativa-norrland\/#primaryimage\"},\"image\":{\"@id\":\"https:\/\/expressionumea.se\/om-expression\/kreativa-norrland\/#primaryimage\"},\"thumbnailUrl\":\"https:\/\/expressionumea.se\/wp-content\/uploads\/2023\/09\/eu-logga_BlaGul_1000x200.png\",\"datePublished\":\"2025-02-27T08:30:45+00:00\",\"dateModified\":\"2025-02-27T09:41:09+00:00\",\"breadcrumb\":{\"@id\":\"https:\/\/expressionumea.se\/om-expression\/kreativa-norrland\/#breadcrumb\"},\"inLanguage\":\"en-GB\",\"potentialAction\":[{\"@type\":\"ReadAction\",\"target\":[\"https:\/\/expressionumea.se\/om-expression\/kreativa-norrland\/\"]}]},{\"@type\":\"ImageObject\",\"inLanguage\":\"en-GB\",\"@id\":\"https:\/\/expressionumea.se\/om-expression\/kreativa-norrland\/#primaryimage\",\"url\":\"https:\/\/expressionumea.se\/wp-content\/uploads\/2023\/09\/eu-logga_BlaGul_1000x200.png\",\"contentUrl\":\"https:\/\/expressionumea.se\/wp-content\/uploads\/2023\/09\/eu-logga_BlaGul_1000x200.png\"},{\"@type\":\"BreadcrumbList\",\"@id\":\"https:\/\/expressionumea.se\/om-expression\/kreativa-norrland\/#breadcrumb\",\"itemListElement\":[{\"@type\":\"ListItem\",\"position\":1,\"name\":\"Hem\",\"item\":\"https:\/\/expressionumea.se\/\"},{\"@type\":\"ListItem\",\"position\":2,\"name\":\"Om expression\",\"item\":\"https:\/\/expressionumea.se\/om-expression\/\"},{\"@type\":\"ListItem\",\"position\":3,\"name\":\"Kreativa Norrland\"}]},{\"@type\":\"WebSite\",\"@id\":\"https:\/\/expressionumea.se\/#website\",\"url\":\"https:\/\/expressionumea.se\/\",\"name\":\"eXpression Ume\u00e5\",\"description\":\"Creative minds unite\",\"publisher\":{\"@id\":\"https:\/\/expressionumea.se\/#organization\"},\"potentialAction\":[{\"@type\":\"SearchAction\",\"target\":{\"@type\":\"EntryPoint\",\"urlTemplate\":\"https:\/\/expressionumea.se\/?s={search_term_string}\"},\"query-input\":{\"@type\":\"PropertyValueSpecification\",\"valueRequired\":true,\"valueName\":\"search_term_string\"}}],\"inLanguage\":\"en-GB\"},{\"@type\":\"Organization\",\"@id\":\"https:\/\/expressionumea.se\/#organization\",\"name\":\"eXpression Ume\u00e5\",\"url\":\"https:\/\/expressionumea.se\/\",\"logo\":{\"@type\":\"ImageObject\",\"inLanguage\":\"en-GB\",\"@id\":\"https:\/\/expressionumea.se\/#\/schema\/logo\/image\/\",\"url\":\"https:\/\/expressionumea.se\/wp-content\/uploads\/2020\/06\/expression-ume-logotyp.png\",\"contentUrl\":\"https:\/\/expressionumea.se\/wp-content\/uploads\/2020\/06\/expression-ume-logotyp.png\",\"width\":375,\"height\":98,\"caption\":\"eXpression Ume\u00e5\"},\"image\":{\"@id\":\"https:\/\/expressionumea.se\/#\/schema\/logo\/image\/\"}}]}<\/script>\n<!-- \/ Yoast SEO plugin. -->","yoast_head_json":{"title":"Creative Norrland - eXpression Ume\u00e5","robots":{"index":"index","follow":"follow","max-snippet":"max-snippet:-1","max-image-preview":"max-image-preview:large","max-video-preview":"max-video-preview:-1"},"canonical":"https:\/\/expressionumea.se\/en\/on-expression\/expression-creative-6\/","og_locale":"en_GB","og_type":"article","og_title":"Kreativa Norrland - eXpression Ume\u00e5","og_description":"Kreativa Norrland St\u00e4rker kreativa f\u00f6retag i norra Sverige genom samverkan, innovation och aff\u00e4rsutveckling \u2013 f\u00f6r livskraftiga och attraktiva samh\u00e4llen. Kultur och kreativitet som motor f\u00f6r h\u00e5llbar utveckling Kreativa Norrland hj\u00e4lper f\u00f6retag inom kulturella och kreativa branscher (KKB) och de samiska n\u00e4ringarna att v\u00e4xa och utvecklas i norra Sverige. N\u00e4r samh\u00e4llet st\u00e4ller om f\u00f6r att bli [&hellip;]","og_url":"https:\/\/expressionumea.se\/en\/on-expression\/expression-creative-6\/","og_site_name":"eXpression Ume\u00e5","article_modified_time":"2025-02-27T09:41:09+00:00","og_image":[{"width":1000,"height":200,"url":"https:\/\/expressionumea.se\/wp-content\/uploads\/2023\/09\/eu-logga_BlaGul_1000x200.png","type":"image\/png"}],"twitter_card":"summary_large_image","twitter_misc":{"Estimated reading time":"3 minutes"},"schema":{"@context":"https:\/\/schema.org","@graph":[{"@type":"WebPage","@id":"https:\/\/expressionumea.se\/om-expression\/kreativa-norrland\/","url":"https:\/\/expressionumea.se\/om-expression\/kreativa-norrland\/","name":"Creative Norrland - eXpression Ume\u00e5","isPartOf":{"@id":"https:\/\/expressionumea.se\/#website"},"primaryImageOfPage":{"@id":"https:\/\/expressionumea.se\/om-expression\/kreativa-norrland\/#primaryimage"},"image":{"@id":"https:\/\/expressionumea.se\/om-expression\/kreativa-norrland\/#primaryimage"},"thumbnailUrl":"https:\/\/expressionumea.se\/wp-content\/uploads\/2023\/09\/eu-logga_BlaGul_1000x200.png","datePublished":"2025-02-27T08:30:45+00:00","dateModified":"2025-02-27T09:41:09+00:00","breadcrumb":{"@id":"https:\/\/expressionumea.se\/om-expression\/kreativa-norrland\/#breadcrumb"},"inLanguage":"en-GB","potentialAction":[{"@type":"ReadAction","target":["https:\/\/expressionumea.se\/om-expression\/kreativa-norrland\/"]}]},{"@type":"ImageObject","inLanguage":"en-GB","@id":"https:\/\/expressionumea.se\/om-expression\/kreativa-norrland\/#primaryimage","url":"https:\/\/expressionumea.se\/wp-content\/uploads\/2023\/09\/eu-logga_BlaGul_1000x200.png","contentUrl":"https:\/\/expressionumea.se\/wp-content\/uploads\/2023\/09\/eu-logga_BlaGul_1000x200.png"},{"@type":"BreadcrumbList","@id":"https:\/\/expressionumea.se\/om-expression\/kreativa-norrland\/#breadcrumb","itemListElement":[{"@type":"ListItem","position":1,"name":"Hem","item":"https:\/\/expressionumea.se\/"},{"@type":"ListItem","position":2,"name":"Om expression","item":"https:\/\/expressionumea.se\/om-expression\/"},{"@type":"ListItem","position":3,"name":"Kreativa Norrland"}]},{"@type":"WebSite","@id":"https:\/\/expressionumea.se\/#website","url":"https:\/\/expressionumea.se\/","name":"eXpression Ume\u00e5","description":"Creative minds unite","publisher":{"@id":"https:\/\/expressionumea.se\/#organization"},"potentialAction":[{"@type":"SearchAction","target":{"@type":"EntryPoint","urlTemplate":"https:\/\/expressionumea.se\/?s={search_term_string}"},"query-input":{"@type":"PropertyValueSpecification","valueRequired":true,"valueName":"search_term_string"}}],"inLanguage":"en-GB"},{"@type":"Organization","@id":"https:\/\/expressionumea.se\/#organization","name":"eXpression Ume\u00e5","url":"https:\/\/expressionumea.se\/","logo":{"@type":"ImageObject","inLanguage":"en-GB","@id":"https:\/\/expressionumea.se\/#\/schema\/logo\/image\/","url":"https:\/\/expressionumea.se\/wp-content\/uploads\/2020\/06\/expression-ume-logotyp.png","contentUrl":"https:\/\/expressionumea.se\/wp-content\/uploads\/2020\/06\/expression-ume-logotyp.png","width":375,"height":98,"caption":"eXpression Ume\u00e5"},"image":{"@id":"https:\/\/expressionumea.se\/#\/schema\/logo\/image\/"}}]}},"_links":{"self":[{"href":"https:\/\/expressionumea.se\/en\/wp-json\/wp\/v2\/pages\/26106","targetHints":{"allow":["GET"]}}],"collection":[{"href":"https:\/\/expressionumea.se\/en\/wp-json\/wp\/v2\/pages"}],"about":[{"href":"https:\/\/expressionumea.se\/en\/wp-json\/wp\/v2\/types\/page"}],"author":[{"embeddable":true,"href":"https:\/\/expressionumea.se\/en\/wp-json\/wp\/v2\/users\/6"}],"replies":[{"embeddable":true,"href":"https:\/\/expressionumea.se\/en\/wp-json\/wp\/v2\/comments?post=26106"}],"version-history":[{"count":13,"href":"https:\/\/expressionumea.se\/en\/wp-json\/wp\/v2\/pages\/26106\/revisions"}],"predecessor-version":[{"id":26135,"href":"https:\/\/expressionumea.se\/en\/wp-json\/wp\/v2\/pages\/26106\/revisions\/26135"}],"up":[{"embeddable":true,"href":"https:\/\/expressionumea.se\/en\/wp-json\/wp\/v2\/pages\/10543"}],"wp:attachment":[{"href":"https:\/\/expressionumea.se\/en\/wp-json\/wp\/v2\/media?parent=26106"}],"wp:term":[{"taxonomy":"elementor-sidmallar","embeddable":true,"href":"https:\/\/expressionumea.se\/en\/wp-json\/wp\/v2\/elementor-sidmallar?post=26106"}],"curies":[{"name":"wp","href":"https:\/\/api.w.org\/{rel}","templated":true}]}}