{"id":3,"date":"2020-06-15T08:04:56","date_gmt":"2020-06-15T08:04:56","guid":{"rendered":"http:\/\/expressionumea.se\/?page_id=3"},"modified":"2022-02-04T15:26:36","modified_gmt":"2022-02-04T14:26:36","slug":"privacy-policy","status":"publish","type":"page","link":"https:\/\/expressionumea.se\/en\/integritetspolicy\/","title":{"rendered":"Privacy Policy"},"content":{"rendered":"<p><strong>For us at eXpression, protecting your privacy and personal data is as natural as your idea. In order for you to receive services from us, we need to collect, use and store certain information about you.<\/strong><\/p>\n\n\n\n<p>To give you a better understanding of how we handle your personal data, we have updated our privacy policy in accordance with the new EU Directive GDPR, which comes into force on 25 May 2018.<\/p>\n\n\n\n<p>Our new policy reinforces the protection of your privacy and describes how we as a company collect, process, on what legal basis we support the processing and how long we keep the data. It also outlines your rights in relation to your personal data. The Privacy Policy also tells you more about your rights and how we process your personal data, and where to go if you have any questions about how we process your personal data.<\/p>\n\n\n\n<p><a href=\"https:\/\/expressionumea.se\/wp-content\/uploads\/2020\/12\/Extern-integritetspolicy-eXpression.pdf\" target=\"_blank\" rel=\"noreferrer noopener\">Read our privacy policy here<\/a><\/p>","protected":false},"excerpt":{"rendered":"<p>F\u00f6r oss p\u00e5 eXpression \u00e4r det lika sj\u00e4lvklart att skydda din personliga integritet och dina personuppgifter som din id\u00e9. F\u00f6r att du ska kunna erh\u00e5lla tj\u00e4nster hos oss beh\u00f6ver vi f\u00e5 in, anv\u00e4nda och spara vissa uppgifter om dig. F\u00f6r att ge dig en b\u00e4ttre f\u00f6rst\u00e5else f\u00f6r hur vi hanterar dina personuppgifter har vi uppdaterat [&hellip;]<\/p>\n","protected":false},"author":1,"featured_media":0,"parent":0,"menu_order":0,"comment_status":"closed","ping_status":"open","template":"","meta":{"footnotes":""},"elementor-sidmallar":[636],"class_list":["post-3","page","type-page","status-publish","hentry","search-category-sida","elementor-sidmallar-enskild-sida"],"yoast_head":"<!-- This site is optimized with the Yoast SEO plugin v27.2 - https:\/\/yoast.com\/product\/yoast-seo-wordpress\/ -->\n<title>Integritetspolicy - eXpression Ume\u00e5<\/title>\n<meta name=\"robots\" content=\"index, follow, max-snippet:-1, max-image-preview:large, max-video-preview:-1\" \/>\n<link rel=\"canonical\" href=\"https:\/\/expressionumea.se\/en\/privacy-policy\/\" \/>\n<meta property=\"og:locale\" content=\"en_GB\" \/>\n<meta property=\"og:type\" content=\"article\" \/>\n<meta property=\"og:title\" content=\"Integritetspolicy - eXpression Ume\u00e5\" \/>\n<meta property=\"og:description\" content=\"F\u00f6r oss p\u00e5 eXpression \u00e4r det lika sj\u00e4lvklart att skydda din personliga integritet och dina personuppgifter som din id\u00e9. F\u00f6r att du ska kunna erh\u00e5lla tj\u00e4nster hos oss beh\u00f6ver vi f\u00e5 in, anv\u00e4nda och spara vissa uppgifter om dig. F\u00f6r att ge dig en b\u00e4ttre f\u00f6rst\u00e5else f\u00f6r hur vi hanterar dina personuppgifter har vi uppdaterat [&hellip;]\" \/>\n<meta property=\"og:url\" content=\"https:\/\/expressionumea.se\/en\/privacy-policy\/\" \/>\n<meta property=\"og:site_name\" content=\"eXpression Ume\u00e5\" \/>\n<meta property=\"article:modified_time\" content=\"2022-02-04T14:26:36+00:00\" \/>\n<meta name=\"twitter:card\" content=\"summary_large_image\" \/>\n<meta name=\"twitter:label1\" content=\"Estimated reading time\" \/>\n\t<meta name=\"twitter:data1\" content=\"1 minute\" \/>\n<script type=\"application\/ld+json\" class=\"yoast-schema-graph\">{\"@context\":\"https:\/\/schema.org\",\"@graph\":[{\"@type\":\"WebPage\",\"@id\":\"https:\/\/expressionumea.se\/integritetspolicy\/\",\"url\":\"https:\/\/expressionumea.se\/integritetspolicy\/\",\"name\":\"Integritetspolicy - eXpression Ume\u00e5\",\"isPartOf\":{\"@id\":\"https:\/\/expressionumea.se\/#website\"},\"datePublished\":\"2020-06-15T08:04:56+00:00\",\"dateModified\":\"2022-02-04T14:26:36+00:00\",\"breadcrumb\":{\"@id\":\"https:\/\/expressionumea.se\/integritetspolicy\/#breadcrumb\"},\"inLanguage\":\"en-GB\",\"potentialAction\":[{\"@type\":\"ReadAction\",\"target\":[\"https:\/\/expressionumea.se\/integritetspolicy\/\"]}]},{\"@type\":\"BreadcrumbList\",\"@id\":\"https:\/\/expressionumea.se\/integritetspolicy\/#breadcrumb\",\"itemListElement\":[{\"@type\":\"ListItem\",\"position\":1,\"name\":\"Hem\",\"item\":\"https:\/\/expressionumea.se\/\"},{\"@type\":\"ListItem\",\"position\":2,\"name\":\"Integritetspolicy\"}]},{\"@type\":\"WebSite\",\"@id\":\"https:\/\/expressionumea.se\/#website\",\"url\":\"https:\/\/expressionumea.se\/\",\"name\":\"eXpression Ume\u00e5\",\"description\":\"Creative minds unite\",\"publisher\":{\"@id\":\"https:\/\/expressionumea.se\/#organization\"},\"potentialAction\":[{\"@type\":\"SearchAction\",\"target\":{\"@type\":\"EntryPoint\",\"urlTemplate\":\"https:\/\/expressionumea.se\/?s={search_term_string}\"},\"query-input\":{\"@type\":\"PropertyValueSpecification\",\"valueRequired\":true,\"valueName\":\"search_term_string\"}}],\"inLanguage\":\"en-GB\"},{\"@type\":\"Organization\",\"@id\":\"https:\/\/expressionumea.se\/#organization\",\"name\":\"eXpression Ume\u00e5\",\"url\":\"https:\/\/expressionumea.se\/\",\"logo\":{\"@type\":\"ImageObject\",\"inLanguage\":\"en-GB\",\"@id\":\"https:\/\/expressionumea.se\/#\/schema\/logo\/image\/\",\"url\":\"https:\/\/expressionumea.se\/wp-content\/uploads\/2020\/06\/expression-ume-logotyp.png\",\"contentUrl\":\"https:\/\/expressionumea.se\/wp-content\/uploads\/2020\/06\/expression-ume-logotyp.png\",\"width\":375,\"height\":98,\"caption\":\"eXpression Ume\u00e5\"},\"image\":{\"@id\":\"https:\/\/expressionumea.se\/#\/schema\/logo\/image\/\"}}]}<\/script>\n<!-- \/ Yoast SEO plugin. -->","yoast_head_json":{"title":"Privacy policy - eXpression Ume\u00e5","robots":{"index":"index","follow":"follow","max-snippet":"max-snippet:-1","max-image-preview":"max-image-preview:large","max-video-preview":"max-video-preview:-1"},"canonical":"https:\/\/expressionumea.se\/en\/privacy-policy\/","og_locale":"en_GB","og_type":"article","og_title":"Integritetspolicy - eXpression Ume\u00e5","og_description":"F\u00f6r oss p\u00e5 eXpression \u00e4r det lika sj\u00e4lvklart att skydda din personliga integritet och dina personuppgifter som din id\u00e9. F\u00f6r att du ska kunna erh\u00e5lla tj\u00e4nster hos oss beh\u00f6ver vi f\u00e5 in, anv\u00e4nda och spara vissa uppgifter om dig. F\u00f6r att ge dig en b\u00e4ttre f\u00f6rst\u00e5else f\u00f6r hur vi hanterar dina personuppgifter har vi uppdaterat [&hellip;]","og_url":"https:\/\/expressionumea.se\/en\/privacy-policy\/","og_site_name":"eXpression Ume\u00e5","article_modified_time":"2022-02-04T14:26:36+00:00","twitter_card":"summary_large_image","twitter_misc":{"Estimated reading time":"1 minute"},"schema":{"@context":"https:\/\/schema.org","@graph":[{"@type":"WebPage","@id":"https:\/\/expressionumea.se\/integritetspolicy\/","url":"https:\/\/expressionumea.se\/integritetspolicy\/","name":"Privacy policy - eXpression Ume\u00e5","isPartOf":{"@id":"https:\/\/expressionumea.se\/#website"},"datePublished":"2020-06-15T08:04:56+00:00","dateModified":"2022-02-04T14:26:36+00:00","breadcrumb":{"@id":"https:\/\/expressionumea.se\/integritetspolicy\/#breadcrumb"},"inLanguage":"en-GB","potentialAction":[{"@type":"ReadAction","target":["https:\/\/expressionumea.se\/integritetspolicy\/"]}]},{"@type":"BreadcrumbList","@id":"https:\/\/expressionumea.se\/integritetspolicy\/#breadcrumb","itemListElement":[{"@type":"ListItem","position":1,"name":"Hem","item":"https:\/\/expressionumea.se\/"},{"@type":"ListItem","position":2,"name":"Integritetspolicy"}]},{"@type":"WebSite","@id":"https:\/\/expressionumea.se\/#website","url":"https:\/\/expressionumea.se\/","name":"eXpression Ume\u00e5","description":"Creative minds unite","publisher":{"@id":"https:\/\/expressionumea.se\/#organization"},"potentialAction":[{"@type":"SearchAction","target":{"@type":"EntryPoint","urlTemplate":"https:\/\/expressionumea.se\/?s={search_term_string}"},"query-input":{"@type":"PropertyValueSpecification","valueRequired":true,"valueName":"search_term_string"}}],"inLanguage":"en-GB"},{"@type":"Organization","@id":"https:\/\/expressionumea.se\/#organization","name":"eXpression Ume\u00e5","url":"https:\/\/expressionumea.se\/","logo":{"@type":"ImageObject","inLanguage":"en-GB","@id":"https:\/\/expressionumea.se\/#\/schema\/logo\/image\/","url":"https:\/\/expressionumea.se\/wp-content\/uploads\/2020\/06\/expression-ume-logotyp.png","contentUrl":"https:\/\/expressionumea.se\/wp-content\/uploads\/2020\/06\/expression-ume-logotyp.png","width":375,"height":98,"caption":"eXpression Ume\u00e5"},"image":{"@id":"https:\/\/expressionumea.se\/#\/schema\/logo\/image\/"}}]}},"_links":{"self":[{"href":"https:\/\/expressionumea.se\/en\/wp-json\/wp\/v2\/pages\/3","targetHints":{"allow":["GET"]}}],"collection":[{"href":"https:\/\/expressionumea.se\/en\/wp-json\/wp\/v2\/pages"}],"about":[{"href":"https:\/\/expressionumea.se\/en\/wp-json\/wp\/v2\/types\/page"}],"author":[{"embeddable":true,"href":"https:\/\/expressionumea.se\/en\/wp-json\/wp\/v2\/users\/1"}],"replies":[{"embeddable":true,"href":"https:\/\/expressionumea.se\/en\/wp-json\/wp\/v2\/comments?post=3"}],"version-history":[{"count":3,"href":"https:\/\/expressionumea.se\/en\/wp-json\/wp\/v2\/pages\/3\/revisions"}],"predecessor-version":[{"id":14435,"href":"https:\/\/expressionumea.se\/en\/wp-json\/wp\/v2\/pages\/3\/revisions\/14435"}],"wp:attachment":[{"href":"https:\/\/expressionumea.se\/en\/wp-json\/wp\/v2\/media?parent=3"}],"wp:term":[{"taxonomy":"elementor-sidmallar","embeddable":true,"href":"https:\/\/expressionumea.se\/en\/wp-json\/wp\/v2\/elementor-sidmallar?post=3"}],"curies":[{"name":"wp","href":"https:\/\/api.w.org\/{rel}","templated":true}]}}